{"id":298,"date":"2016-03-31T14:36:36","date_gmt":"2016-03-31T14:36:36","guid":{"rendered":"http:\/\/www.estudi-cat.com\/es\/qui-som\/"},"modified":"2020-10-21T06:55:17","modified_gmt":"2020-10-21T06:55:17","slug":"qui-som","status":"publish","type":"page","link":"https:\/\/www.estudi-cat.com\/es\/qui-som\/","title":{"rendered":"\u00bfQUIENES SOMOS?"},"content":{"rendered":"<div class=\"wpb-content-wrapper\"><p>[vc_row content_width=\u00bbcontainer\u00bb video_autoplay=\u00bbtrue\u00bb video_controls=\u00bbtrue\u00bb video_mute=\u00bbtrue\u00bb css=\u00bb.vc_custom_1459427140749{margin-bottom: 0px !important;border-right-width: 15px !important;border-left-width: 15px !important;padding-top: 40px !important;padding-right: 20px !important;padding-bottom: 10px !important;padding-left: 20px !important;border-left-color: #000000 !important;border-left-style: solid !important;border-right-color: #000000 !important;border-right-style: solid !important;}\u00bb][vc_column width=\u00bb1\/1&#8243;][vc_column_text]<img loading=\"lazy\" decoding=\"async\" class=\"size-fullwidth-landscape wp-image-469 alignnone\" src=\"http:\/\/www.estudi-cat.com\/wp-content\/uploads\/2018\/05\/GRUPAL-COLOR-800x500.jpg\" alt=\"\" width=\"800\" height=\"500\" \/>[\/vc_column_text][\/vc_column][\/vc_row][vc_row content_width=\u00bbcontainer\u00bb video_autoplay=\u00bbtrue\u00bb video_controls=\u00bbtrue\u00bb video_mute=\u00bbtrue\u00bb css=\u00bb.vc_custom_1459427140749{margin-bottom: 0px !important;border-right-width: 15px !important;border-left-width: 15px !important;padding-top: 40px !important;padding-right: 20px !important;padding-bottom: 10px !important;padding-left: 20px !important;border-left-color: #000000 !important;border-left-style: solid !important;border-right-color: #000000 !important;border-right-style: solid !important;}\u00bb][vc_column width=\u00bb1\/1&#8243;][vc_column_text]<\/p>\n<h1>\u00bfQuienes somos?<\/h1>\n<p>[\/vc_column_text][\/vc_column][\/vc_row][vc_row content_width=\u00bbcontainer\u00bb video_autoplay=\u00bbtrue\u00bb video_controls=\u00bbtrue\u00bb video_mute=\u00bbtrue\u00bb css=\u00bb.vc_custom_1459427159566{margin-bottom: 0px !important;border-right-width: 15px !important;border-left-width: 15px !important;padding-top: 0px !important;padding-right: 20px !important;padding-bottom: 40px !important;padding-left: 20px !important;border-left-color: #000000 !important;border-left-style: solid !important;border-right-color: #000000 !important;border-right-style: solid !important;}\u00bb][vc_column width=\u00bb1\/2&#8243;][vc_column_text el_class=\u00bbtxt-home\u00bb css=\u00bb.vc_custom_1495436594168{margin-bottom: 20px !important;}\u00bb]<\/p>\n<p>Control i Actualitzaci\u00f3 Territorial se compone de un grupo fijo de profesionales y multitud d ecolaboradores que forman parte de los diferentes proyectos de estudios del territorio en campos tan variados como catastro, evaluaciones de impacto ambiental, valoraciones de inmuebles, etc.<\/p>\n<p>[\/vc_column_text][\/vc_column][vc_column width=\u00bb1\/2&#8243;][vc_column_text el_class=\u00bbtxt-home\u00bb]<\/p>\n<p>Entre otros en CAT encontramos ge\u00f3grafos, aparejadores, arquitectos, delineantes e ingenieros agr\u00edcolas. Esta estructura basada en el trabajo cooperativo y la orientaci\u00f3n para procesos del servicio nos permite adoptar una respuesta r\u00e1pida, \u00e1gil y efectiva a los diferentes proyectos.<\/p>\n<p>[\/vc_column_text][\/vc_column][\/vc_row][vc_row content_width=\u00bbcontainer\u00bb video_autoplay=\u00bbtrue\u00bb video_controls=\u00bbtrue\u00bb video_mute=\u00bbtrue\u00bb css=\u00bb.vc_custom_1459430488305{margin-bottom: 0px !important;border-right-width: 15px !important;border-left-width: 15px !important;padding-top: 0px !important;padding-right: 20px !important;padding-bottom: 20px !important;padding-left: 20px !important;border-left-color: #000000 !important;border-left-style: solid !important;border-right-color: #000000 !important;border-right-style: solid !important;}\u00bb][vc_column width=\u00bb1\/4&#8243;][vc_column_text el_class=\u00bbitem-equipo\u00bb css=\u00bb.vc_custom_1525786464873{margin-bottom: 30px !important;}\u00bb]<img loading=\"lazy\" decoding=\"async\" class=\"alignnone size-medium wp-image-460\" src=\"http:\/\/www.estudi-cat.com\/wp-content\/uploads\/2018\/05\/Miquel-BN-225x300.jpg\" alt=\"\" width=\"225\" height=\"300\" srcset=\"https:\/\/www.estudi-cat.com\/wp-content\/uploads\/2018\/05\/Miquel-BN-225x300.jpg 225w, https:\/\/www.estudi-cat.com\/wp-content\/uploads\/2018\/05\/Miquel-BN-768x1024.jpg 768w, https:\/\/www.estudi-cat.com\/wp-content\/uploads\/2018\/05\/Miquel-BN-450x600.jpg 450w, https:\/\/www.estudi-cat.com\/wp-content\/uploads\/2018\/05\/Miquel-BN.jpg 800w\" sizes=\"(max-width: 225px) 100vw, 225px\" \/>[\/vc_column_text][vc_column_text el_class=\u00bbitem-equipo\u00bb css=\u00bb.vc_custom_1603263305407{margin-bottom: 30px !important;}\u00bb]<\/p>\n<h3>Miquel Cerd\u00e0 Albert\u00ed<\/h3>\n<h4>DIRECTOR<\/h4>\n<h5>Ingeniero Agr\u00edcola<\/h5>\n<p>[\/vc_column_text][\/vc_column][vc_column width=\u00bb1\/4&#8243;][vc_column_text el_class=\u00bbitem-equipo\u00bb css=\u00bb.vc_custom_1525786502254{margin-bottom: 30px !important;}\u00bb]<img loading=\"lazy\" decoding=\"async\" class=\"alignnone size-medium wp-image-459\" src=\"http:\/\/www.estudi-cat.com\/wp-content\/uploads\/2018\/05\/Marga-BN-225x300.jpg\" alt=\"\" width=\"225\" height=\"300\" srcset=\"https:\/\/www.estudi-cat.com\/wp-content\/uploads\/2018\/05\/Marga-BN-225x300.jpg 225w, https:\/\/www.estudi-cat.com\/wp-content\/uploads\/2018\/05\/Marga-BN-768x1024.jpg 768w, https:\/\/www.estudi-cat.com\/wp-content\/uploads\/2018\/05\/Marga-BN-450x600.jpg 450w, https:\/\/www.estudi-cat.com\/wp-content\/uploads\/2018\/05\/Marga-BN.jpg 800w\" sizes=\"(max-width: 225px) 100vw, 225px\" \/>[\/vc_column_text][vc_column_text el_class=\u00bbitem-equipo\u00bb css=\u00bb.vc_custom_1464345657708{margin-bottom: 30px !important;}\u00bb]<\/p>\n<h3>Margalida Canet Oliver<\/h3>\n<h4>CO-DIRECTORA<\/h4>\n<h5>Arquitecta<\/h5>\n<p>[\/vc_column_text][\/vc_column][vc_column width=\u00bb1\/4&#8243;][vc_column_text el_class=\u00bbitem-equipo\u00bb css=\u00bb.vc_custom_1495436755893{margin-bottom: 30px !important;}\u00bb]<\/p>\n<h5><\/h5>\n<p>[\/vc_column_text][\/vc_column][vc_column width=\u00bb1\/4&#8243;][vc_column_text]<br \/>\n[\/vc_column_text][\/vc_column][\/vc_row][vc_row content_width=\u00bbcontainer\u00bb video_autoplay=\u00bbtrue\u00bb video_controls=\u00bbtrue\u00bb video_mute=\u00bbtrue\u00bb css=\u00bb.vc_custom_1459430488305{margin-bottom: 0px !important;border-right-width: 15px !important;border-left-width: 15px !important;padding-top: 0px !important;padding-right: 20px !important;padding-bottom: 20px !important;padding-left: 20px !important;border-left-color: #000000 !important;border-left-style: solid !important;border-right-color: #000000 !important;border-right-style: solid !important;}\u00bb][vc_column width=\u00bb1\/4&#8243;][vc_column_text el_class=\u00bbitem-equipo\u00bb css=\u00bb.vc_custom_1525786562560{margin-bottom: 30px !important;}\u00bb]<img loading=\"lazy\" decoding=\"async\" class=\"alignnone size-medium wp-image-461\" src=\"http:\/\/www.estudi-cat.com\/wp-content\/uploads\/2018\/05\/Victor-BN2-225x300.jpg\" alt=\"\" width=\"225\" height=\"300\" srcset=\"https:\/\/www.estudi-cat.com\/wp-content\/uploads\/2018\/05\/Victor-BN2-225x300.jpg 225w, https:\/\/www.estudi-cat.com\/wp-content\/uploads\/2018\/05\/Victor-BN2-768x1024.jpg 768w, https:\/\/www.estudi-cat.com\/wp-content\/uploads\/2018\/05\/Victor-BN2-450x600.jpg 450w, https:\/\/www.estudi-cat.com\/wp-content\/uploads\/2018\/05\/Victor-BN2.jpg 800w\" sizes=\"(max-width: 225px) 100vw, 225px\" \/>[\/vc_column_text][vc_column_text el_class=\u00bbitem-equipo\u00bb css=\u00bb.vc_custom_1495436778773{margin-bottom: 30px !important;}\u00bb]<\/p>\n<h3>Victor Vidal Gil<\/h3>\n<h4>T\u00c9CNICO<\/h4>\n<h5>Ingeniero de la Edificaci\u00f3n<\/h5>\n<h5><\/h5>\n<p>[\/vc_column_text][\/vc_column][vc_column width=\u00bb1\/4&#8243;][vc_column_text el_class=\u00bbitem-equipo\u00bb css=\u00bb.vc_custom_1525786653935{margin-bottom: 30px !important;}\u00bb]<img loading=\"lazy\" decoding=\"async\" class=\"alignnone size-medium wp-image-456\" src=\"http:\/\/www.estudi-cat.com\/wp-content\/uploads\/2018\/05\/Dako-BN-225x300.jpg\" alt=\"\" width=\"225\" height=\"300\" srcset=\"https:\/\/www.estudi-cat.com\/wp-content\/uploads\/2018\/05\/Dako-BN-225x300.jpg 225w, https:\/\/www.estudi-cat.com\/wp-content\/uploads\/2018\/05\/Dako-BN-768x1024.jpg 768w, https:\/\/www.estudi-cat.com\/wp-content\/uploads\/2018\/05\/Dako-BN-450x600.jpg 450w, https:\/\/www.estudi-cat.com\/wp-content\/uploads\/2018\/05\/Dako-BN.jpg 800w\" sizes=\"(max-width: 225px) 100vw, 225px\" \/>[\/vc_column_text][vc_column_text el_class=\u00bbitem-equipo\u00bb css=\u00bb.vc_custom_1525944896275{margin-bottom: 30px !important;}\u00bb]<\/p>\n<h3>Dakota M\u00e1rquez Perell\u00f3<\/h3>\n<h4>T\u00c9CNICA<\/h4>\n<h5>Ingeniera Agr\u00edcola<\/h5>\n<p>[\/vc_column_text][\/vc_column][vc_column width=\u00bb1\/4&#8243;][vc_column_text el_class=\u00bbitem-equipo\u00bb css=\u00bb.vc_custom_1525786688384{margin-bottom: 30px !important;}\u00bb]<img loading=\"lazy\" decoding=\"async\" class=\"alignnone size-medium wp-image-455\" src=\"http:\/\/www.estudi-cat.com\/wp-content\/uploads\/2018\/05\/Cati-BN-225x300.jpg\" alt=\"\" width=\"225\" height=\"300\" srcset=\"https:\/\/www.estudi-cat.com\/wp-content\/uploads\/2018\/05\/Cati-BN-225x300.jpg 225w, https:\/\/www.estudi-cat.com\/wp-content\/uploads\/2018\/05\/Cati-BN-768x1024.jpg 768w, https:\/\/www.estudi-cat.com\/wp-content\/uploads\/2018\/05\/Cati-BN-450x600.jpg 450w, https:\/\/www.estudi-cat.com\/wp-content\/uploads\/2018\/05\/Cati-BN.jpg 800w\" sizes=\"(max-width: 225px) 100vw, 225px\" \/>[\/vc_column_text][vc_column_text el_class=\u00bbitem-equipo\u00bb css=\u00bb.vc_custom_1525944914546{margin-bottom: 30px !important;}\u00bb]<\/p>\n<h3>Catalina Riutort Costa<\/h3>\n<h4>T\u00c9CNICA<\/h4>\n<h5>T\u00e9cnica en urbanismo y topograf\u00eda<br \/>\nDise\u00f1adora de interiores<\/h5>\n<p>[\/vc_column_text][\/vc_column][vc_column width=\u00bb1\/4&#8243;][vc_column_text el_class=\u00bbitem-equipo\u00bb css=\u00bb.vc_custom_1588674930125{margin-bottom: 30px !important;}\u00bb]<img loading=\"lazy\" decoding=\"async\" class=\"aligncenter wp-image-549 size-medium\" src=\"http:\/\/www.estudi-cat.com\/wp-content\/uploads\/2020\/05\/FOTO-NEUS-175x300.jpeg\" alt=\"\" width=\"175\" height=\"300\" srcset=\"https:\/\/www.estudi-cat.com\/wp-content\/uploads\/2020\/05\/FOTO-NEUS-175x300.jpeg 175w, https:\/\/www.estudi-cat.com\/wp-content\/uploads\/2020\/05\/FOTO-NEUS.jpeg 596w, https:\/\/www.estudi-cat.com\/wp-content\/uploads\/2020\/05\/FOTO-NEUS-450x773.jpeg 450w\" sizes=\"(max-width: 175px) 100vw, 175px\" \/>[\/vc_column_text][vc_column_text el_class=\u00bbitem-equipo\u00bb css=\u00bb.vc_custom_1554904765007{margin-bottom: 30px !important;}\u00bb]<\/p>\n<h3>Neus Marqu\u00e9s Bordoy<\/h3>\n<h4>T\u00c9CNICA<\/h4>\n<h5>Ingeniera de la Edificaci\u00f3n<\/h5>\n<p>[\/vc_column_text][\/vc_column][\/vc_row][vc_row content_width=\u00bbcontainer\u00bb video_autoplay=\u00bbtrue\u00bb video_controls=\u00bbtrue\u00bb video_mute=\u00bbtrue\u00bb css=\u00bb.vc_custom_1459430488305{margin-bottom: 0px !important;border-right-width: 15px !important;border-left-width: 15px !important;padding-top: 0px !important;padding-right: 20px !important;padding-bottom: 20px !important;padding-left: 20px !important;border-left-color: #000000 !important;border-left-style: solid !important;border-right-color: #000000 !important;border-right-style: solid !important;}\u00bb][vc_column width=\u00bb1\/4&#8243;][vc_column_text el_class=\u00bbitem-equipo\u00bb css=\u00bb.vc_custom_1495436928805{margin-bottom: 30px !important;}\u00bb]<\/p>\n<h5><\/h5>\n<p>[\/vc_column_text][\/vc_column][vc_column width=\u00bb1\/4&#8243;][vc_column_text]<br \/>\n[\/vc_column_text][\/vc_column][vc_column width=\u00bb1\/4&#8243;][vc_column_text]<br \/>\n[\/vc_column_text][\/vc_column][\/vc_row][vc_row content_width=\u00bbcontainer\u00bb video_autoplay=\u00bbtrue\u00bb video_controls=\u00bbtrue\u00bb video_mute=\u00bbtrue\u00bb css=\u00bb.vc_custom_1466152263390{margin-bottom: 0px !important;border-right-width: 15px !important;border-left-width: 15px !important;padding-top: 0px !important;padding-right: 0px !important;padding-bottom: 20px !important;padding-left: 0px !important;border-left-color: #000000 !important;border-left-style: solid !important;border-right-color: #000000 !important;border-right-style: solid !important;}\u00bb][vc_column width=\u00bb1\/1&#8243;][vc_row_inner css=\u00bb.vc_custom_1464346201434{margin-right: 0px !important;margin-left: 0px !important;padding-right: 0px !important;padding-left: 0px !important;}\u00bb][vc_column_inner width=\u00bb1\/1&#8243;][vc_column_text]<\/p>\n<p>&nbsp;<\/p>\n<p>[\/vc_column_text][\/vc_column_inner][vc_column_inner width=\u00bb1\/4&#8243;][vc_column_text el_class=\u00bbauxiliars\u00bb]<br \/>\n[\/vc_column_text][\/vc_column_inner][vc_column_inner width=\u00bb1\/4&#8243;][vc_column_text el_class=\u00bbauxiliars\u00bb]<br \/>\n[\/vc_column_text][\/vc_column_inner][vc_column_inner width=\u00bb1\/4&#8243;][vc_column_text el_class=\u00bbauxiliars\u00bb]<br \/>\n[\/vc_column_text][\/vc_column_inner][\/vc_row_inner][\/vc_column][\/vc_row][vc_row content_width=\u00bbcontainer\u00bb video_autoplay=\u00bbtrue\u00bb video_controls=\u00bbtrue\u00bb video_mute=\u00bbtrue\u00bb css=\u00bb.vc_custom_1459430488305{margin-bottom: 0px !important;border-right-width: 15px !important;border-left-width: 15px !important;padding-top: 0px !important;padding-right: 20px !important;padding-bottom: 20px !important;padding-left: 20px !important;border-left-color: #000000 !important;border-left-style: solid !important;border-right-color: #000000 !important;border-right-style: solid !important;}\u00bb][vc_column width=\u00bb1\/1&#8243;][vc_column_text]<\/p>\n<h1>Servicios<\/h1>\n<p>[\/vc_column_text][\/vc_column][\/vc_row][vc_row content_width=\u00bbcontainer\u00bb video_autoplay=\u00bbtrue\u00bb video_controls=\u00bbtrue\u00bb video_mute=\u00bbtrue\u00bb css=\u00bb.vc_custom_1459427195822{margin-bottom: 0px !important;border-right-width: 15px !important;border-left-width: 15px !important;padding-top: 30px !important;padding-right: 20px !important;padding-bottom: 20px !important;padding-left: 20px !important;border-left-color: #000000 !important;border-left-style: solid !important;border-right-color: #000000 !important;border-right-style: solid !important;}\u00bb][vc_column width=\u00bb1\/4&#8243; css=\u00bb.vc_custom_1459430436775{margin-bottom: 20px !important;}\u00bb][vc_column_text el_class=\u00bbservei-home\u00bb]<\/p>\n<p><a href=\"http:\/\/www.estudi-cat.com\/serveis\/arquitectura\/\">ARQ<\/a><\/p>\n<p>[\/vc_column_text][vc_column_text el_class=\u00bbserveis-list\u00bb]\u2013 Proyectos de arquitectura<\/p>\n<p>\u2013 Legalizaciones<\/p>\n<p>\u2013 Mediciones<\/p>\n<p>\u2013 Certificados de antig\u00fcedad<\/p>\n<p>\u2013 IEE, C\u00e9dulas de habitabilidad[\/vc_column_text][\/vc_column][vc_column width=\u00bb1\/4&#8243; css=\u00bb.vc_custom_1459430443053{margin-bottom: 20px !important;}\u00bb][vc_column_text el_class=\u00bbservei-home\u00bb]<\/p>\n<p><a href=\"http:\/\/www.estudi-cat.com\/serveis\/ing\/\">ING<\/a><\/p>\n<p>[\/vc_column_text][vc_column_text el_class=\u00bbserveis-list\u00bb]\u2013 Proyectos de ingenier\u00eda<\/p>\n<p>\u2013 Topograf\u00eda<\/p>\n<p>\u2013 Licencias de actividad<\/p>\n<p>\u2013 Certificaciones energ\u00e9ticas[\/vc_column_text][\/vc_column][vc_column width=\u00bb1\/4&#8243; css=\u00bb.vc_custom_1459430447933{margin-bottom: 20px !important;}\u00bb][vc_column_text el_class=\u00bbservei-home\u00bb]<\/p>\n<p><a href=\"http:\/\/www.estudi-cat.com\/serveis\/gex\/\">GEX<\/a><\/p>\n<p>[\/vc_column_text][vc_column_text el_class=\u00bbserveis-list\u00bb]\u2013 Gesti\u00f3n de expedientes catastrales<\/p>\n<p>\u2013 Atenci\u00f3n al contribuyente<\/p>\n<p>\u2013 Valoraci\u00f3n \/ Tasaci\u00f3n de inmuebles urbanos y r\u00fasticos[\/vc_column_text][\/vc_column][vc_column width=\u00bb1\/4&#8243; css=\u00bb.vc_custom_1459430454269{margin-bottom: 20px !important;}\u00bb][vc_column_text el_class=\u00bbservei-home\u00bb]<\/p>\n<p><a href=\"http:\/\/www.estudi-cat.com\/serveis\/geo\/\">GEO<\/a><\/p>\n<p>[\/vc_column_text][vc_column_text el_class=\u00bbserveis-list\u00bb]\u2013 Estudios de territorio<\/p>\n<p>\u2013 Estudios de impacto ambiental<\/p>\n<p>\u2013 SIG<\/p>\n<p>\u2013 Geom\u00e1rqueting<\/p>\n<p>\u2013 Arxivos GML[\/vc_column_text][\/vc_column][\/vc_row]<\/p>\n<\/div>","protected":false},"excerpt":{"rendered":"<p>[vc_row content_width=\u00bbcontainer\u00bb video_autoplay=\u00bbtrue\u00bb video_controls=\u00bbtrue\u00bb video_mute=\u00bbtrue\u00bb css=\u00bb.vc_custom_1459427140749{margin-bottom: 0px !important;border-right-width: 15px !important;border-left-width: 15px !important;padding-top: 40px !important;padding-right: 20px !important;padding-bottom: 10px !important;padding-left: 20px !important;border-left-color: #000000 !important;border-left-style: solid !important;border-right-color: #000000 !important;border-right-style: solid !important;}\u00bb][vc_column width=\u00bb1\/1&#8243;][vc_column_text][\/vc_column_text][\/vc_column][\/vc_row][vc_row content_width=\u00bbcontainer\u00bb video_autoplay=\u00bbtrue\u00bb video_controls=\u00bbtrue\u00bb video_mute=\u00bbtrue\u00bb css=\u00bb.vc_custom_1459427140749{margin-bottom: 0px !important;border-right-width: 15px !important;border-left-width: 15px !important;padding-top: 40px !important;padding-right: 20px !important;padding-bottom: 10px !important;padding-left: 20px !important;border-left-color: #000000 !important;border-left-style: solid !important;border-right-color: #000000 !important;border-right-style: solid !important;}\u00bb][vc_column width=\u00bb1\/1&#8243;][vc_column_text] \u00bfQuienes somos? [\/vc_column_text][\/vc_column][\/vc_row][vc_row content_width=\u00bbcontainer\u00bb video_autoplay=\u00bbtrue\u00bb video_controls=\u00bbtrue\u00bb video_mute=\u00bbtrue\u00bb css=\u00bb.vc_custom_1459427159566{margin-bottom: 0px !important;border-right-width: 15px !important;border-left-width: 15px [&hellip;]<\/p>\n","protected":false},"author":1,"featured_media":0,"parent":0,"menu_order":0,"comment_status":"closed","ping_status":"closed","template":"","meta":{"footnotes":""},"_links":{"self":[{"href":"https:\/\/www.estudi-cat.com\/es\/wp-json\/wp\/v2\/pages\/298"}],"collection":[{"href":"https:\/\/www.estudi-cat.com\/es\/wp-json\/wp\/v2\/pages"}],"about":[{"href":"https:\/\/www.estudi-cat.com\/es\/wp-json\/wp\/v2\/types\/page"}],"author":[{"embeddable":true,"href":"https:\/\/www.estudi-cat.com\/es\/wp-json\/wp\/v2\/users\/1"}],"replies":[{"embeddable":true,"href":"https:\/\/www.estudi-cat.com\/es\/wp-json\/wp\/v2\/comments?post=298"}],"version-history":[{"count":16,"href":"https:\/\/www.estudi-cat.com\/es\/wp-json\/wp\/v2\/pages\/298\/revisions"}],"predecessor-version":[{"id":995,"href":"https:\/\/www.estudi-cat.com\/es\/wp-json\/wp\/v2\/pages\/298\/revisions\/995"}],"wp:attachment":[{"href":"https:\/\/www.estudi-cat.com\/es\/wp-json\/wp\/v2\/media?parent=298"}],"curies":[{"name":"wp","href":"https:\/\/api.w.org\/{rel}","templated":true}]}}