{"id":245,"date":"2016-04-07T09:28:31","date_gmt":"2016-04-07T09:28:31","guid":{"rendered":"http:\/\/www.estudi-cat.com\/es\/serveis\/ing\/"},"modified":"2017-03-13T09:23:22","modified_gmt":"2017-03-13T09:23:22","slug":"ing","status":"publish","type":"page","link":"https:\/\/www.estudi-cat.com\/es\/serveis\/ing\/","title":{"rendered":"ING"},"content":{"rendered":"<div class=\"wpb-content-wrapper\"><p>[vc_row content_width=\u00bbcontainer\u00bb video_autoplay=\u00bbtrue\u00bb video_controls=\u00bbtrue\u00bb video_mute=\u00bbtrue\u00bb css=\u00bb.vc_custom_1459427140749{margin-bottom: 0px !important;border-right-width: 15px !important;border-left-width: 15px !important;padding-top: 40px !important;padding-right: 20px !important;padding-bottom: 10px !important;padding-left: 20px !important;border-left-color: #000000 !important;border-left-style: solid !important;border-right-color: #000000 !important;border-right-style: solid !important;}\u00bb][vc_column width=\u00bb1\/1&#8243;][vc_column_text]<\/p>\n<h1>Servicios<\/h1>\n<p>[\/vc_column_text][\/vc_column][\/vc_row][vc_row content_width=\u00bbcontainer\u00bb video_autoplay=\u00bbtrue\u00bb video_controls=\u00bbtrue\u00bb video_mute=\u00bbtrue\u00bb css=\u00bb.vc_custom_1459436568634{margin-bottom: 0px !important;border-right-width: 15px !important;border-left-width: 15px !important;padding-top: 30px !important;padding-right: 20px !important;padding-bottom: 70px !important;padding-left: 20px !important;border-left-color: #000000 !important;border-left-style: solid !important;border-right-color: #000000 !important;border-right-style: solid !important;}\u00bb][vc_column width=\u00bb1\/2&#8243; css=\u00bb.vc_custom_1459430436775{margin-bottom: 20px !important;}\u00bb][vc_column_text el_class=\u00bbservei-title\u00bb css=\u00bb.vc_custom_1460021299857{margin-bottom: 0px !important;}\u00bb]<\/p>\n<p>ING<\/p>\n<p>[\/vc_column_text][vc_column_text el_class=\u00bbtxt-servei\u00bb css=\u00bb.vc_custom_1489396780033{margin-top: 0px !important;}\u00bb]<\/p>\n<p class=\"p1\">Los servicios de ingenier\u00eda se dividen en dos bloques: los relacionados con el mundo rural y el de servicios diversos de ingenier\u00eda.<\/p>\n<p class=\"p1\">En Estudi-CAT planificamos las explotaciones agr\u00edcolas desde la producci\u00f3n, tanto animal como vegetal, las necesidades h\u00eddricas, evaluamos el impacto medio ambiental, dimensionamos el parque de maquinaria y proyectamos las naves e instalaciones agr\u00edcolas acorde a las necesidades de la explotaci\u00f3n.<\/p>\n<p class=\"p1\">Dentro de nuestros servicios de ingenier\u00eda ofrecemos la tramitaci\u00f3n de licencias de actividad.<\/p>\n<p>[\/vc_column_text][\/vc_column][vc_column width=\u00bb1\/2&#8243; css=\u00bb.vc_custom_1459430443053{margin-bottom: 20px !important;}\u00bb][vc_single_image image=\u00bb57&#8243; border_color=\u00bbgrey\u00bb img_link_large=\u00bb\u00bb img_link_target=\u00bb_self\u00bb img_size=\u00bbfull\u00bb][vc_column_text el_class=\u00bbserveis-list\u00bb]Servicios de ingenier\u00eda:<\/p>\n<ul>\n<li>Proyectos de ingenier\u00eda agr\u00edcola: naves, sistemas de riego, plantaciones, etc.<\/li>\n<li>Registro de explotaciones agrarias<\/li>\n<li>Dimensionado de maquinaria<\/li>\n<li>Topograf\u00eda: planos de parcelas georeferenciados, archivos GML, etc.<\/li>\n<\/ul>\n<p>&nbsp;<\/p>\n<p>Disponemos tambi\u00e9n de un servicio de topograf\u00eda dando soporte a todos los departamentos de la empresa y proporcionando una informaci\u00f3n precisa tanto en mediciones como en georeferenciaci\u00f3n.[\/vc_column_text][\/vc_column][\/vc_row]<\/p>\n<\/div>","protected":false},"excerpt":{"rendered":"<p>[vc_row content_width=\u00bbcontainer\u00bb video_autoplay=\u00bbtrue\u00bb video_controls=\u00bbtrue\u00bb video_mute=\u00bbtrue\u00bb css=\u00bb.vc_custom_1459427140749{margin-bottom: 0px !important;border-right-width: 15px !important;border-left-width: 15px !important;padding-top: 40px !important;padding-right: 20px !important;padding-bottom: 10px !important;padding-left: 20px !important;border-left-color: #000000 !important;border-left-style: solid !important;border-right-color: #000000 !important;border-right-style: solid !important;}\u00bb][vc_column width=\u00bb1\/1&#8243;][vc_column_text] Servicios [\/vc_column_text][\/vc_column][\/vc_row][vc_row content_width=\u00bbcontainer\u00bb video_autoplay=\u00bbtrue\u00bb video_controls=\u00bbtrue\u00bb video_mute=\u00bbtrue\u00bb css=\u00bb.vc_custom_1459436568634{margin-bottom: 0px !important;border-right-width: 15px !important;border-left-width: 15px !important;padding-top: 30px !important;padding-right: 20px !important;padding-bottom: 70px !important;padding-left: 20px !important;border-left-color: #000000 !important;border-left-style: solid !important;border-right-color: #000000 !important;border-right-style: solid !important;}\u00bb][vc_column width=\u00bb1\/2&#8243; css=\u00bb.vc_custom_1459430436775{margin-bottom: 20px !important;}\u00bb][vc_column_text el_class=\u00bbservei-title\u00bb css=\u00bb.vc_custom_1460021299857{margin-bottom: 0px !important;}\u00bb] ING [\/vc_column_text][vc_column_text el_class=\u00bbtxt-servei\u00bb css=\u00bb.vc_custom_1489396780033{margin-top: [&hellip;]<\/p>\n","protected":false},"author":1,"featured_media":0,"parent":221,"menu_order":0,"comment_status":"closed","ping_status":"closed","template":"","meta":{"footnotes":""},"_links":{"self":[{"href":"https:\/\/www.estudi-cat.com\/es\/wp-json\/wp\/v2\/pages\/245"}],"collection":[{"href":"https:\/\/www.estudi-cat.com\/es\/wp-json\/wp\/v2\/pages"}],"about":[{"href":"https:\/\/www.estudi-cat.com\/es\/wp-json\/wp\/v2\/types\/page"}],"author":[{"embeddable":true,"href":"https:\/\/www.estudi-cat.com\/es\/wp-json\/wp\/v2\/users\/1"}],"replies":[{"embeddable":true,"href":"https:\/\/www.estudi-cat.com\/es\/wp-json\/wp\/v2\/comments?post=245"}],"version-history":[{"count":2,"href":"https:\/\/www.estudi-cat.com\/es\/wp-json\/wp\/v2\/pages\/245\/revisions"}],"predecessor-version":[{"id":247,"href":"https:\/\/www.estudi-cat.com\/es\/wp-json\/wp\/v2\/pages\/245\/revisions\/247"}],"up":[{"embeddable":true,"href":"https:\/\/www.estudi-cat.com\/es\/wp-json\/wp\/v2\/pages\/221"}],"wp:attachment":[{"href":"https:\/\/www.estudi-cat.com\/es\/wp-json\/wp\/v2\/media?parent=245"}],"curies":[{"name":"wp","href":"https:\/\/api.w.org\/{rel}","templated":true}]}}