{"id":240,"date":"2016-03-31T14:53:55","date_gmt":"2016-03-31T14:53:55","guid":{"rendered":"http:\/\/www.estudi-cat.com\/es\/serveis\/gex\/"},"modified":"2017-03-17T11:38:05","modified_gmt":"2017-03-17T11:38:05","slug":"gex","status":"publish","type":"page","link":"https:\/\/www.estudi-cat.com\/es\/serveis\/gex\/","title":{"rendered":"GEX"},"content":{"rendered":"<div class=\"wpb-content-wrapper\"><p>[vc_row content_width=\u00bbcontainer\u00bb video_autoplay=\u00bbtrue\u00bb video_controls=\u00bbtrue\u00bb video_mute=\u00bbtrue\u00bb css=\u00bb.vc_custom_1459427140749{margin-bottom: 0px !important;border-right-width: 15px !important;border-left-width: 15px !important;padding-top: 40px !important;padding-right: 20px !important;padding-bottom: 10px !important;padding-left: 20px !important;border-left-color: #000000 !important;border-left-style: solid !important;border-right-color: #000000 !important;border-right-style: solid !important;}\u00bb][vc_column width=\u00bb1\/1&#8243;][vc_column_text]<\/p>\n<h1>Servicios<\/h1>\n<p>[\/vc_column_text][\/vc_column][\/vc_row][vc_row content_width=\u00bbcontainer\u00bb video_autoplay=\u00bbtrue\u00bb video_controls=\u00bbtrue\u00bb video_mute=\u00bbtrue\u00bb css=\u00bb.vc_custom_1464345245823{margin-bottom: 0px !important;border-right-width: 15px !important;border-left-width: 15px !important;padding-top: 30px !important;padding-right: 20px !important;padding-bottom: 10px !important;padding-left: 20px !important;border-left-color: #000000 !important;border-left-style: solid !important;border-right-color: #000000 !important;border-right-style: solid !important;}\u00bb][vc_column width=\u00bb1\/2&#8243; css=\u00bb.vc_custom_1459430436775{margin-bottom: 20px !important;}\u00bb][vc_column_text el_class=\u00bbservei-title\u00bb css=\u00bb.vc_custom_1459436333905{margin-bottom: 0px !important;}\u00bb]<\/p>\n<p>GEX<\/p>\n<p>[\/vc_column_text][vc_column_text el_class=\u00bbtxt-servei\u00bb css=\u00bb.vc_custom_1489396077089{margin-top: 0px !important;}\u00bb]<\/p>\n<p class=\"p1\">Ofrecemos un <strong>servicio integral<\/strong> para dar respuesta a\u00a0<strong>nivel t\u00e9cnico: <\/strong>captura de informaci\u00f3n de campo, elaboraci\u00f3n de planos, informes de antig\u00fcedad, a <strong>nivel de gesti\u00f3n: <\/strong>presentaci\u00f3n de y seguimiento de expedientes catastrales, tributarios y urban\u00edsticos.<\/p>\n<p class=\"p1\">La <b>investigaci\u00f3n de localitaci\u00f3n<\/b> de <b>propiedades<\/b>\u00a0nos permite:<\/p>\n<p class=\"p1\">&#8211; La verificaci\u00f3n de los datos registrales y catastrales respecto a la realidad.<\/p>\n<p class=\"p1\">&#8211; La ubicaci\u00f3n sobre el terreno de los inmuebles, sobretodo r\u00fasticos, mediante el estudio de los hist\u00f3ricos registrales y catastrales.<\/p>\n<p class=\"p1\">Con el servicio de valoraci\u00f3n ofrecemos sobretodo la pre-valoraci\u00f3n y comprobaci\u00f3n de valores de inmuebles de cara a declaraciones tributarias y escrituras consiguiendo as\u00ed un ahorro fiscal al cliente.<\/p>\n<p>[\/vc_column_text][\/vc_column][vc_column width=\u00bb1\/2&#8243; css=\u00bb.vc_custom_1459430443053{margin-bottom: 20px !important;}\u00bb][vc_single_image image=\u00bb57&#8243; border_color=\u00bbgrey\u00bb img_link_large=\u00bb\u00bb img_link_target=\u00bb_self\u00bb img_size=\u00bbfull\u00bb][vc_column_text el_class=\u00bbserveis-list\u00bb]Estos son algunos de nuestros servicios catastrales:<\/p>\n<ul>\n<li>Captura de datos de campo.<\/li>\n<li>Gesti\u00f3n y tratamiento de informaci\u00f3n catastral.<\/li>\n<li>Revisiones catastrales.<\/li>\n<li>An\u00e1lisis y tratamiento de expedientes catastrales.<\/li>\n<li>Actualizaci\u00f3n y mantenimiento del SIG catastral.<\/li>\n<li>Asistencia t\u00e9cnica.<\/li>\n<li>Atenci\u00f3n al contribuyente.<\/li>\n<li>Inspecciones. Emisi\u00f3n de recibos.<\/li>\n<\/ul>\n<p>[\/vc_column_text][\/vc_column][\/vc_row][vc_row content_width=\u00bbcontainer\u00bb video_autoplay=\u00bbtrue\u00bb video_controls=\u00bbtrue\u00bb video_mute=\u00bbtrue\u00bb css=\u00bb.vc_custom_1489136276108{margin-bottom: 0px !important;border-right-width: 15px !important;border-left-width: 15px !important;padding-top: 30px !important;padding-right: 20px !important;padding-bottom: 30px !important;padding-left: 20px !important;border-left-color: #000000 !important;border-left-style: solid !important;border-right-color: #000000 !important;border-right-style: solid !important;}\u00bb][vc_column width=\u00bb1\/1&#8243; css=\u00bb.vc_custom_1459430436775{margin-bottom: 20px !important;}\u00bb][vc_separator color=\u00bbblack\u00bb align=\u00bbalign_center\u00bb][vc_column_text css=\u00bb.vc_custom_1489750531033{padding-top: 30px !important;}\u00bb]<\/p>\n<h4>\u00daltimos trabajos realizados<\/h4>\n<p class=\"p1\"><strong>10-05-2016<\/strong> Estudio para la segregaci\u00f3n de una finca en el TM de Porreres<\/p>\n<p class=\"p1\"><strong>28-04-2016<\/strong> Revisi\u00f3n propuesta valoraci\u00f3n ATIB y presentaci\u00f3n de alegaciones referente a una casa en Art\u00e0<\/p>\n<p>[\/vc_column_text][\/vc_column][\/vc_row]<\/p>\n<\/div>","protected":false},"excerpt":{"rendered":"<p>[vc_row content_width=\u00bbcontainer\u00bb video_autoplay=\u00bbtrue\u00bb video_controls=\u00bbtrue\u00bb video_mute=\u00bbtrue\u00bb css=\u00bb.vc_custom_1459427140749{margin-bottom: 0px !important;border-right-width: 15px !important;border-left-width: 15px !important;padding-top: 40px !important;padding-right: 20px !important;padding-bottom: 10px !important;padding-left: 20px !important;border-left-color: #000000 !important;border-left-style: solid !important;border-right-color: #000000 !important;border-right-style: solid !important;}\u00bb][vc_column width=\u00bb1\/1&#8243;][vc_column_text] Servicios [\/vc_column_text][\/vc_column][\/vc_row][vc_row content_width=\u00bbcontainer\u00bb video_autoplay=\u00bbtrue\u00bb video_controls=\u00bbtrue\u00bb video_mute=\u00bbtrue\u00bb css=\u00bb.vc_custom_1464345245823{margin-bottom: 0px !important;border-right-width: 15px !important;border-left-width: 15px !important;padding-top: 30px !important;padding-right: 20px !important;padding-bottom: 10px !important;padding-left: 20px !important;border-left-color: #000000 !important;border-left-style: solid !important;border-right-color: #000000 !important;border-right-style: solid !important;}\u00bb][vc_column width=\u00bb1\/2&#8243; css=\u00bb.vc_custom_1459430436775{margin-bottom: 20px !important;}\u00bb][vc_column_text el_class=\u00bbservei-title\u00bb css=\u00bb.vc_custom_1459436333905{margin-bottom: 0px !important;}\u00bb] GEX [\/vc_column_text][vc_column_text el_class=\u00bbtxt-servei\u00bb css=\u00bb.vc_custom_1489396077089{margin-top: [&hellip;]<\/p>\n","protected":false},"author":1,"featured_media":0,"parent":221,"menu_order":0,"comment_status":"closed","ping_status":"closed","template":"","meta":{"footnotes":""},"_links":{"self":[{"href":"https:\/\/www.estudi-cat.com\/es\/wp-json\/wp\/v2\/pages\/240"}],"collection":[{"href":"https:\/\/www.estudi-cat.com\/es\/wp-json\/wp\/v2\/pages"}],"about":[{"href":"https:\/\/www.estudi-cat.com\/es\/wp-json\/wp\/v2\/types\/page"}],"author":[{"embeddable":true,"href":"https:\/\/www.estudi-cat.com\/es\/wp-json\/wp\/v2\/users\/1"}],"replies":[{"embeddable":true,"href":"https:\/\/www.estudi-cat.com\/es\/wp-json\/wp\/v2\/comments?post=240"}],"version-history":[{"count":3,"href":"https:\/\/www.estudi-cat.com\/es\/wp-json\/wp\/v2\/pages\/240\/revisions"}],"predecessor-version":[{"id":277,"href":"https:\/\/www.estudi-cat.com\/es\/wp-json\/wp\/v2\/pages\/240\/revisions\/277"}],"up":[{"embeddable":true,"href":"https:\/\/www.estudi-cat.com\/es\/wp-json\/wp\/v2\/pages\/221"}],"wp:attachment":[{"href":"https:\/\/www.estudi-cat.com\/es\/wp-json\/wp\/v2\/media?parent=240"}],"curies":[{"name":"wp","href":"https:\/\/api.w.org\/{rel}","templated":true}]}}