{"id":227,"date":"2016-04-07T09:29:03","date_gmt":"2016-04-07T09:29:03","guid":{"rendered":"http:\/\/www.estudi-cat.com\/es\/serveis\/arquitectura\/"},"modified":"2017-03-13T08:46:06","modified_gmt":"2017-03-13T08:46:06","slug":"arquitectura","status":"publish","type":"page","link":"https:\/\/www.estudi-cat.com\/es\/serveis\/arquitectura\/","title":{"rendered":"ARQ"},"content":{"rendered":"<div class=\"wpb-content-wrapper\"><p>[vc_row content_width=\u00bbcontainer\u00bb video_autoplay=\u00bbtrue\u00bb video_controls=\u00bbtrue\u00bb video_mute=\u00bbtrue\u00bb css=\u00bb.vc_custom_1459427140749{margin-bottom: 0px !important;border-right-width: 15px !important;border-left-width: 15px !important;padding-top: 40px !important;padding-right: 20px !important;padding-bottom: 10px !important;padding-left: 20px !important;border-left-color: #000000 !important;border-left-style: solid !important;border-right-color: #000000 !important;border-right-style: solid !important;}\u00bb][vc_column width=\u00bb1\/1&#8243;][vc_column_text]<\/p>\n<h1>Servicios<\/h1>\n<p>[\/vc_column_text][\/vc_column][\/vc_row][vc_row content_width=\u00bbcontainer\u00bb video_autoplay=\u00bbtrue\u00bb video_controls=\u00bbtrue\u00bb video_mute=\u00bbtrue\u00bb css=\u00bb.vc_custom_1459436568634{margin-bottom: 0px !important;border-right-width: 15px !important;border-left-width: 15px !important;padding-top: 30px !important;padding-right: 20px !important;padding-bottom: 70px !important;padding-left: 20px !important;border-left-color: #000000 !important;border-left-style: solid !important;border-right-color: #000000 !important;border-right-style: solid !important;}\u00bb][vc_column width=\u00bb1\/2&#8243; css=\u00bb.vc_custom_1459430436775{margin-bottom: 20px !important;}\u00bb][vc_column_text el_class=\u00bbservei-title\u00bb css=\u00bb.vc_custom_1460021341367{margin-bottom: 0px !important;}\u00bb]<\/p>\n<p>ARQ<\/p>\n<p>[\/vc_column_text][vc_column_text el_class=\u00bbtxt-servei\u00bb css=\u00bb.vc_custom_1489394714440{margin-top: 0px !important;}\u00bb]La principal actividad de CAT se centra en el tratamiento y gesti\u00f3n de produtos catastral para administraciones p\u00fablicas, tanto locales como regionales.<\/p>\n<p>Ofrecemos un servicio de calidad, orientado a la gesti\u00f3n por procesos con el \u00fanico prop\u00f3sito de conseguir una mejora continua y un elevado grado de satisfacci\u00f3n del cliente.[\/vc_column_text][\/vc_column][vc_column width=\u00bb1\/2&#8243; css=\u00bb.vc_custom_1459430443053{margin-bottom: 20px !important;}\u00bb][vc_single_image image=\u00bb57&#8243; border_color=\u00bbgrey\u00bb img_link_large=\u00bb\u00bb img_link_target=\u00bb_self\u00bb img_size=\u00bbfull\u00bb][vc_column_text el_class=\u00bbserveis-list\u00bb]Servicios de arquitectura:<\/p>\n<ul>\n<li>Proyectos de arquitectura<\/li>\n<li>Legalizaciones<\/li>\n<li>Mediciones<\/li>\n<li>Certificados de antig\u00fcedad<\/li>\n<li>IEE, C\u00e9dulas de habitabilidad<\/li>\n<\/ul>\n<p>[\/vc_column_text][\/vc_column][\/vc_row]<\/p>\n<\/div>","protected":false},"excerpt":{"rendered":"<p>[vc_row content_width=\u00bbcontainer\u00bb video_autoplay=\u00bbtrue\u00bb video_controls=\u00bbtrue\u00bb video_mute=\u00bbtrue\u00bb css=\u00bb.vc_custom_1459427140749{margin-bottom: 0px !important;border-right-width: 15px !important;border-left-width: 15px !important;padding-top: 40px !important;padding-right: 20px !important;padding-bottom: 10px !important;padding-left: 20px !important;border-left-color: #000000 !important;border-left-style: solid !important;border-right-color: #000000 !important;border-right-style: solid !important;}\u00bb][vc_column width=\u00bb1\/1&#8243;][vc_column_text] Servicios [\/vc_column_text][\/vc_column][\/vc_row][vc_row content_width=\u00bbcontainer\u00bb video_autoplay=\u00bbtrue\u00bb video_controls=\u00bbtrue\u00bb video_mute=\u00bbtrue\u00bb css=\u00bb.vc_custom_1459436568634{margin-bottom: 0px !important;border-right-width: 15px !important;border-left-width: 15px !important;padding-top: 30px !important;padding-right: 20px !important;padding-bottom: 70px !important;padding-left: 20px !important;border-left-color: #000000 !important;border-left-style: solid !important;border-right-color: #000000 !important;border-right-style: solid !important;}\u00bb][vc_column width=\u00bb1\/2&#8243; css=\u00bb.vc_custom_1459430436775{margin-bottom: 20px !important;}\u00bb][vc_column_text el_class=\u00bbservei-title\u00bb css=\u00bb.vc_custom_1460021341367{margin-bottom: 0px !important;}\u00bb] ARQ [\/vc_column_text][vc_column_text el_class=\u00bbtxt-servei\u00bb css=\u00bb.vc_custom_1489394714440{margin-top: [&hellip;]<\/p>\n","protected":false},"author":1,"featured_media":0,"parent":221,"menu_order":0,"comment_status":"closed","ping_status":"closed","template":"","meta":{"footnotes":""},"_links":{"self":[{"href":"https:\/\/www.estudi-cat.com\/es\/wp-json\/wp\/v2\/pages\/227"}],"collection":[{"href":"https:\/\/www.estudi-cat.com\/es\/wp-json\/wp\/v2\/pages"}],"about":[{"href":"https:\/\/www.estudi-cat.com\/es\/wp-json\/wp\/v2\/types\/page"}],"author":[{"embeddable":true,"href":"https:\/\/www.estudi-cat.com\/es\/wp-json\/wp\/v2\/users\/1"}],"replies":[{"embeddable":true,"href":"https:\/\/www.estudi-cat.com\/es\/wp-json\/wp\/v2\/comments?post=227"}],"version-history":[{"count":2,"href":"https:\/\/www.estudi-cat.com\/es\/wp-json\/wp\/v2\/pages\/227\/revisions"}],"predecessor-version":[{"id":229,"href":"https:\/\/www.estudi-cat.com\/es\/wp-json\/wp\/v2\/pages\/227\/revisions\/229"}],"up":[{"embeddable":true,"href":"https:\/\/www.estudi-cat.com\/es\/wp-json\/wp\/v2\/pages\/221"}],"wp:attachment":[{"href":"https:\/\/www.estudi-cat.com\/es\/wp-json\/wp\/v2\/media?parent=227"}],"curies":[{"name":"wp","href":"https:\/\/api.w.org\/{rel}","templated":true}]}}