{"id":214,"date":"2016-04-07T09:22:45","date_gmt":"2016-04-07T09:22:45","guid":{"rendered":"http:\/\/www.estudi-cat.com\/es\/contacte\/"},"modified":"2021-02-11T10:00:26","modified_gmt":"2021-02-11T10:00:26","slug":"contacte","status":"publish","type":"page","link":"https:\/\/www.estudi-cat.com\/es\/contacte\/","title":{"rendered":"CONTACTO"},"content":{"rendered":"<div class=\"wpb-content-wrapper\"><p>[vc_row css=\u00bb.vc_custom_1459427140749{margin-bottom: 0px !important;border-right-width: 15px !important;border-left-width: 15px !important;padding-top: 40px !important;padding-right: 20px !important;padding-bottom: 10px !important;padding-left: 20px !important;border-left-color: #000000 !important;border-left-style: solid !important;border-right-color: #000000 !important;border-right-style: solid !important;}\u00bb][vc_column][vc_column_text]<\/p>\n<h1>\u00bfD\u00f3nde estamos?<\/h1>\n<p>[\/vc_column_text][\/vc_column][\/vc_row][vc_row css=\u00bb.vc_custom_1460035847071{margin-bottom: 0px !important;border-right-width: 15px !important;border-left-width: 15px !important;padding-top: 20px !important;padding-right: 20px !important;padding-bottom: 20px !important;padding-left: 20px !important;border-left-color: #0a0a0a !important;border-left-style: solid !important;border-right-color: #0a0a0a !important;border-right-style: solid !important;}\u00bb][vc_column]\t<script type=\"text\/javascript\">\n\n\tjQuery(document).ready(function() {\n\n\t\t'use strict';\n\n\t\t\/\/ Map Coordination\n\n\t\tvar latlng = new google.maps.LatLng(39.575105,2.6456);\n\n\t\t\/\/ Map Options\n\t\tvar myOptions = {\n\t\t\tzoom: 17,\n\t\t\tcenter: latlng,\n\t\t\tmapTypeId: google.maps.MapTypeId.ROADMAP,\n\t\t\tdisableDefaultUI: true,\n\t\t\tscrollwheel: false,\n\t\t\t\/\/ Google Map Color Styles\n\t\t\tstyles: [{featureType:\"landscape\",stylers:[{saturation:-100},{lightness:65},{visibility:\"on\"}]},{featureType:\"poi\",stylers:[{saturation:-100},{lightness:51},{visibility:\"simplified\"}]},{featureType:\"road.highway\",stylers:[{saturation:-100},\n\t\t\t{visibility:\"simplified\"}]},{featureType:\"road.arterial\",stylers:[{saturation:-100},{lightness:30},{visibility:\"on\"}]},{featureType:\"road.local\",stylers:[{saturation:-100},{lightness:40},{visibility:\"on\"}]},{featureType:\"transit\",stylers:[{saturation:-100},\n\t\t\t{visibility:\"simplified\"}]},{featureType:\"administrative.province\",stylers:[{visibility:\"off\"}]\/**\/},{featureType:\"administrative.locality\",stylers:[{visibility:\"off\"}]},{featureType:\"administrative.neighborhood\",stylers:[{visibility:\"on\"}\n\t\t\t]\/**\/},{featureType:\"water\",elementType:\"labels\",stylers:[{visibility:\"on\"},{lightness:-25},{saturation:-100}]},{featureType:\"water\",elementType:\"geometry\",stylers:[{hue:\"#ffff00\"},{lightness:-25},{saturation:-97}]}]\n\t\t};\n\n\t\tvar map = new google.maps.Map(document.getElementById('google-map-12257'), myOptions);\n\n\t\t\/\/ Marker Image\n\t\tvar image = 'https:\/\/www.estudi-cat.com\/wp-content\/themes\/north\/img\/marker.png';\n\n\t  \t\/* ========= First Marker ========= *\/\n\n\t  \t\/\/ First Marker Coordination\n\n\t\tvar myLatlng = new google.maps.LatLng(39.575105,2.6456);\n\n\t\t\/\/ Your Texts\n\n\t\t var contentString = '<div id=\"content\">'+\n\t\t  '<div id=\"siteNotice\">'+\n\t\t  '<\/div>'+\n\t\t  '<h4>' +\n\n\t\t  'Estudi CAT'+\n\n\t\t  '<\/h4>'+\n\t\t  \n\t\t  '<p>' +\n\n  \t\t  'Control i Actualitzaci\u00f3 Territorial' +\n\n  \t\t  '<\/p>'+\n\n\t\t  \n\t\t  '<\/div>';\n\n\n\t\tvar marker = new google.maps.Marker({\n\t\t\t  position: myLatlng,\n\t\t\t  map: map,\n\t\t\t  title: 'Estudi CAT',\n\t\t\t  \/\/icon: image\n\t\t  });\n\n\n\t\tvar infowindow = new google.maps.InfoWindow({\n\t\t  content: contentString\n\t\t  });\n\n\n\t\t google.maps.event.addListener(marker, 'click', function() {\n\t\t\tinfowindow.open(map,marker);\n\t\t  });\n\n\t\t \/* ========= End First Marker ========= *\/\n\n\n\n\t\t\t});\n\n\t<\/script>\n\t<div class=\"vntd-gmap\">\n\n\t    <div id=\"google-map-12257\" style=\"height:400px;\"><\/div>\n\n\t<\/div>\n\t[\/vc_column][\/vc_row][vc_row css=\u00bb.vc_custom_1459427140749{margin-bottom: 0px !important;border-right-width: 15px !important;border-left-width: 15px !important;padding-top: 40px !important;padding-right: 20px !important;padding-bottom: 10px !important;padding-left: 20px !important;border-left-color: #000000 !important;border-left-style: solid !important;border-right-color: #000000 !important;border-right-style: solid !important;}\u00bb][vc_column][vc_column_text]<\/p>\n<h1>Contacto<\/h1>\n<p>[\/vc_column_text][\/vc_column][\/vc_row][vc_row css=\u00bb.vc_custom_1459427159566{margin-bottom: 0px !important;border-right-width: 15px !important;border-left-width: 15px !important;padding-top: 0px !important;padding-right: 20px !important;padding-bottom: 40px !important;padding-left: 20px !important;border-left-color: #000000 !important;border-left-style: solid !important;border-right-color: #000000 !important;border-right-style: solid !important;}\u00bb][vc_column width=\u00bb1\/3&#8243;][vc_column_text el_class=\u00bbhome-contacte\u00bb css=\u00bb.vc_custom_1613037623795{margin-bottom: 20px !important;}\u00bb]No dude en ponerse en contacto con nosotros:<\/p>\n<p>Control i Actualitzaci\u00f3 Territorial SLU<br \/>\nBisbe Campins, 12, 1\u00baC<br \/>\n07012 Palma<\/p>\n<p>Tel\u00e9fono: <a href=\"tel:+34971755945\">+34 971 755 945<\/a><br \/>\nCorrou elect\u00f3nico: <a href=\"mailto:info@estudi-cat.com\">info@estudi-cat.com<\/a>[\/vc_column_text][\/vc_column][vc_column width=\u00bb2\/3&#8243;][vc_column_text]<\/p>\n\n<div class=\"wpcf7 no-js\" id=\"wpcf7-f4-o1\" lang=\"es-ES\" dir=\"ltr\">\n<div class=\"screen-reader-response\"><p role=\"status\" aria-live=\"polite\" aria-atomic=\"true\"><\/p> <ul><\/ul><\/div>\n<form action=\"\/es\/wp-json\/wp\/v2\/pages\/214#wpcf7-f4-o1\" method=\"post\" class=\"wpcf7-form init\" aria-label=\"Formulario de contacto\" novalidate=\"novalidate\" data-status=\"init\">\n<div style=\"display: none;\">\n<input type=\"hidden\" name=\"_wpcf7\" value=\"4\" \/>\n<input type=\"hidden\" name=\"_wpcf7_version\" value=\"5.8.6\" \/>\n<input type=\"hidden\" name=\"_wpcf7_locale\" value=\"es_ES\" \/>\n<input type=\"hidden\" name=\"_wpcf7_unit_tag\" value=\"wpcf7-f4-o1\" \/>\n<input type=\"hidden\" name=\"_wpcf7_container_post\" value=\"0\" \/>\n<input type=\"hidden\" name=\"_wpcf7_posted_data_hash\" value=\"\" \/>\n<input type=\"hidden\" name=\"_wpcf7_recaptcha_response\" value=\"\" \/>\n<\/div>\n<div class=\"form-half1\">\n\t<p><span class=\"wpcf7-form-control-wrap\" data-name=\"nom\"><input size=\"40\" class=\"wpcf7-form-control wpcf7-text wpcf7-validates-as-required\" aria-required=\"true\" aria-invalid=\"false\" placeholder=\"Nom\" value=\"\" type=\"text\" name=\"nom\" \/><\/span>\n\t<\/p>\n<\/div>\n<div class=\"form-half2\">\n\t<p><span class=\"wpcf7-form-control-wrap\" data-name=\"telf\"><input size=\"40\" class=\"wpcf7-form-control wpcf7-text wpcf7-validates-as-required\" aria-required=\"true\" aria-invalid=\"false\" placeholder=\"Tel\u00e8fon\" value=\"\" type=\"text\" name=\"telf\" \/><\/span>\n\t<\/p>\n<\/div>\n<p><br style=\"clear:both\" \/>\n<\/p>\n<div class=\"form-full\">\n\t<p><span class=\"wpcf7-form-control-wrap\" data-name=\"email\"><input size=\"40\" class=\"wpcf7-form-control wpcf7-email wpcf7-validates-as-required wpcf7-text wpcf7-validates-as-email\" aria-required=\"true\" aria-invalid=\"false\" placeholder=\"E-mail\" value=\"\" type=\"email\" name=\"email\" \/><\/span>\n\t<\/p>\n<\/div>\n<p><br style=\"clear:both\" \/>\n<\/p>\n<div class=\"form-full\">\n\t<p><span class=\"wpcf7-form-control-wrap\" data-name=\"missatge\"><textarea cols=\"40\" rows=\"10\" class=\"wpcf7-form-control wpcf7-textarea wpcf7-validates-as-required\" aria-required=\"true\" aria-invalid=\"false\" placeholder=\"\" name=\"missatge\"><\/textarea><\/span>\n\t<\/p>\n<\/div>\n\n<p><span class=\"wpcf7-form-control-wrap\" data-name=\"acceptance-176\"><span class=\"wpcf7-form-control wpcf7-acceptance optional\"><span class=\"wpcf7-list-item\"><label><input type=\"checkbox\" name=\"acceptance-176\" value=\"1\" aria-invalid=\"false\" \/><span class=\"wpcf7-list-item-label\"><a href=\"https:\/\/www.estudi-cat.com\/es\/politica-de-privacidad\/\" target=\"_blank\" >He llegit i accepto la Pol\u00edtica de Privacitat<\/a><\/span><\/label><\/span><\/span><\/span><br \/>\nPROTECCI\u00d3N DE DATOS:<br \/>\nDe conformidad con las normativas de protecci\u00f3n de datos le facilitamos la siguiente informaci\u00f3n del tratamiento:<br \/>\nResponsable: CONTROL I ACTUALITZACIO TERRITORIAL S.L., B57292856, Bisbe Campins 12, 1\u00ba, C, - 07012 Palma<br \/>\n(Illes Balears), direccio@estudi-cat.com<br \/>\nFines del tratamiento: mantener una relaci\u00f3n comercial y env\u00edo de comunicaciones de productos o servicios<br \/>\nLegitimaci\u00f3n: Obligaci\u00f3n legal del Responsable y consentimiento del interesado cuando proceda.<br \/>\nDestinatarios de cesiones: Administraciones p\u00fablicas competentes para el cumplimiento de obligaciones legales.<br \/>\nDerechos que le asisten: acceso, rectificaci\u00f3n, portabilidad, supresi\u00f3n, limitaci\u00f3n y oposici\u00f3n<br \/>\nM\u00e1s informaci\u00f3n del tratamiento: estudi-cat.com<br \/>\n<input class=\"wpcf7-form-control wpcf7-submit has-spinner submit-button\" type=\"submit\" value=\"ENVIAR\" \/>\n<\/p><div class=\"wpcf7-response-output\" aria-hidden=\"true\"><\/div>\n<\/form>\n<\/div>\n\n<p>[\/vc_column_text][\/vc_column][\/vc_row]<\/p>\n<\/div>","protected":false},"excerpt":{"rendered":"<p>[vc_row css=\u00bb.vc_custom_1459427140749{margin-bottom: 0px !important;border-right-width: 15px !important;border-left-width: 15px !important;padding-top: 40px !important;padding-right: 20px !important;padding-bottom: 10px !important;padding-left: 20px !important;border-left-color: #000000 !important;border-left-style: solid !important;border-right-color: #000000 !important;border-right-style: solid !important;}\u00bb][vc_column][vc_column_text] \u00bfD\u00f3nde estamos? [\/vc_column_text][\/vc_column][\/vc_row][vc_row css=\u00bb.vc_custom_1460035847071{margin-bottom: 0px !important;border-right-width: 15px !important;border-left-width: 15px !important;padding-top: 20px !important;padding-right: 20px !important;padding-bottom: 20px !important;padding-left: 20px !important;border-left-color: #0a0a0a !important;border-left-style: solid !important;border-right-color: #0a0a0a !important;border-right-style: solid !important;}\u00bb][vc_column][\/vc_column][\/vc_row][vc_row css=\u00bb.vc_custom_1459427140749{margin-bottom: 0px !important;border-right-width: 15px !important;border-left-width: 15px !important;padding-top: 40px !important;padding-right: 20px !important;padding-bottom: 10px !important;padding-left: 20px !important;border-left-color: #000000 !important;border-left-style: solid !important;border-right-color: #000000 [&hellip;]<\/p>\n","protected":false},"author":1,"featured_media":0,"parent":0,"menu_order":0,"comment_status":"closed","ping_status":"closed","template":"","meta":{"footnotes":""},"_links":{"self":[{"href":"https:\/\/www.estudi-cat.com\/es\/wp-json\/wp\/v2\/pages\/214"}],"collection":[{"href":"https:\/\/www.estudi-cat.com\/es\/wp-json\/wp\/v2\/pages"}],"about":[{"href":"https:\/\/www.estudi-cat.com\/es\/wp-json\/wp\/v2\/types\/page"}],"author":[{"embeddable":true,"href":"https:\/\/www.estudi-cat.com\/es\/wp-json\/wp\/v2\/users\/1"}],"replies":[{"embeddable":true,"href":"https:\/\/www.estudi-cat.com\/es\/wp-json\/wp\/v2\/comments?post=214"}],"version-history":[{"count":6,"href":"https:\/\/www.estudi-cat.com\/es\/wp-json\/wp\/v2\/pages\/214\/revisions"}],"predecessor-version":[{"id":1087,"href":"https:\/\/www.estudi-cat.com\/es\/wp-json\/wp\/v2\/pages\/214\/revisions\/1087"}],"wp:attachment":[{"href":"https:\/\/www.estudi-cat.com\/es\/wp-json\/wp\/v2\/media?parent=214"}],"curies":[{"name":"wp","href":"https:\/\/api.w.org\/{rel}","templated":true}]}}