{"id":209,"date":"2016-04-07T09:23:03","date_gmt":"2016-04-07T09:23:03","guid":{"rendered":"http:\/\/www.estudi-cat.com\/es\/clients\/"},"modified":"2017-03-13T08:20:34","modified_gmt":"2017-03-13T08:20:34","slug":"clients","status":"publish","type":"page","link":"https:\/\/www.estudi-cat.com\/es\/clients\/","title":{"rendered":"CLIENTES"},"content":{"rendered":"<div class=\"wpb-content-wrapper\"><p>[vc_row content_width=\u00bbcontainer\u00bb video_autoplay=\u00bbtrue\u00bb video_controls=\u00bbtrue\u00bb video_mute=\u00bbtrue\u00bb css=\u00bb.vc_custom_1459427140749{margin-bottom: 0px !important;border-right-width: 15px !important;border-left-width: 15px !important;padding-top: 40px !important;padding-right: 20px !important;padding-bottom: 10px !important;padding-left: 20px !important;border-left-color: #000000 !important;border-left-style: solid !important;border-right-color: #000000 !important;border-right-style: solid !important;}\u00bb][vc_column width=\u00bb1\/1&#8243;][vc_column_text]<\/p>\n<h1>Clientes<\/h1>\n<p>[\/vc_column_text][\/vc_column][\/vc_row][vc_row content_width=\u00bbcontainer\u00bb video_autoplay=\u00bbtrue\u00bb video_controls=\u00bbtrue\u00bb video_mute=\u00bbtrue\u00bb css=\u00bb.vc_custom_1459427159566{margin-bottom: 0px !important;border-right-width: 15px !important;border-left-width: 15px !important;padding-top: 0px !important;padding-right: 20px !important;padding-bottom: 40px !important;padding-left: 20px !important;border-left-color: #000000 !important;border-left-style: solid !important;border-right-color: #000000 !important;border-right-style: solid !important;}\u00bb][vc_column width=\u00bb1\/2&#8243;][vc_column_text el_class=\u00bbtxt-home\u00bb css=\u00bb.vc_custom_1489392907804{margin-bottom: 20px !important;}\u00bb]<\/p>\n<p>En Control i Actualitzaci\u00f3 Territorial trabajamos tanto para administraciones p\u00fablicas como para entidades privadas ofreciendo la atenci\u00f3n especializada para la obtenci\u00f3n de un servicio de calidad.<\/p>\n<p>[\/vc_column_text][\/vc_column][vc_column width=\u00bb1\/2&#8243;][vc_column_text]<br \/>\n[\/vc_column_text][\/vc_column][\/vc_row][vc_row content_width=\u00bbcontainer\u00bb video_autoplay=\u00bbtrue\u00bb video_controls=\u00bbtrue\u00bb video_mute=\u00bbtrue\u00bb css=\u00bb.vc_custom_1459427159566{margin-bottom: 0px !important;border-right-width: 15px !important;border-left-width: 15px !important;padding-top: 0px !important;padding-right: 20px !important;padding-bottom: 40px !important;padding-left: 20px !important;border-left-color: #000000 !important;border-left-style: solid !important;border-right-color: #000000 !important;border-right-style: solid !important;}\u00bb][vc_column width=\u00bb1\/3&#8243;][vc_column_text el_class=\u00bbtxt-home\u00bb css=\u00bb.vc_custom_1489392805760{margin-bottom: 20px !important;}\u00bb]<\/p>\n<h3><strong>Ayuntamientos<\/strong><\/h3>\n<p>[\/vc_column_text][\/vc_column][vc_column width=\u00bb1\/3&#8243;][vc_column_text el_class=\u00bbtxt-home\u00bb css=\u00bb.vc_custom_1489392840426{margin-bottom: 20px !important;}\u00bb]Ayuntamiento de Andratx<br \/>\nAyuntamiento de Art\u00e0<br \/>\nAyuntamiento de Santa Eularia des Riu[\/vc_column_text][\/vc_column][vc_column width=\u00bb1\/3&#8243;][vc_column_text el_class=\u00bbtxt-home\u00bb css=\u00bb.vc_custom_1489392863337{margin-bottom: 20px !important;}\u00bb]Ayuntamiento de Sencelles<br \/>\nAyuntamiento de S\u00f3ller[\/vc_column_text][\/vc_column][\/vc_row][vc_row content_width=\u00bbcontainer\u00bb video_autoplay=\u00bbtrue\u00bb video_controls=\u00bbtrue\u00bb video_mute=\u00bbtrue\u00bb css=\u00bb.vc_custom_1459427159566{margin-bottom: 0px !important;border-right-width: 15px !important;border-left-width: 15px !important;padding-top: 0px !important;padding-right: 20px !important;padding-bottom: 40px !important;padding-left: 20px !important;border-left-color: #000000 !important;border-left-style: solid !important;border-right-color: #000000 !important;border-right-style: solid !important;}\u00bb][vc_column width=\u00bb1\/3&#8243;][vc_column_text el_class=\u00bbtxt-home\u00bb css=\u00bb.vc_custom_1489392875092{margin-bottom: 20px !important;}\u00bb]<\/p>\n<h3><strong>Administraciones p\u00fablicas<\/strong><\/h3>\n<p>[\/vc_column_text][\/vc_column][vc_column width=\u00bb1\/3&#8243;][vc_column_text el_class=\u00bbtxt-home\u00bb css=\u00bb.vc_custom_1460544852894{margin-bottom: 20px !important;}\u00bb]<img loading=\"lazy\" decoding=\"async\" class=\"alignnone size-medium wp-image-108\" src=\"http:\/\/www.estudi-cat.com\/wp-content\/uploads\/2016\/04\/logo_govern-300x69.png\" alt=\"logo_govern\" width=\"300\" height=\"69\" srcset=\"https:\/\/www.estudi-cat.com\/wp-content\/uploads\/2016\/04\/logo_govern-300x69.png 300w, https:\/\/www.estudi-cat.com\/wp-content\/uploads\/2016\/04\/logo_govern-768x176.png 768w, https:\/\/www.estudi-cat.com\/wp-content\/uploads\/2016\/04\/logo_govern-880x202.png 880w, https:\/\/www.estudi-cat.com\/wp-content\/uploads\/2016\/04\/logo_govern-450x103.png 450w, https:\/\/www.estudi-cat.com\/wp-content\/uploads\/2016\/04\/logo_govern.png 904w\" sizes=\"(max-width: 300px) 100vw, 300px\" \/><\/p>\n<p>Govern de les Illes Balears[\/vc_column_text][vc_column_text el_class=\u00bbtxt-home\u00bb css=\u00bb.vc_custom_1460544923330{margin-bottom: 20px !important;}\u00bb]<img loading=\"lazy\" decoding=\"async\" class=\"alignnone wp-image-109 size-medium\" src=\"http:\/\/www.estudi-cat.com\/wp-content\/uploads\/2016\/04\/logo_mhap2-300x52.gif\" alt=\"\" width=\"300\" height=\"52\" \/><\/p>\n<p>Gerencia Regional del Cadastre (MEH)[\/vc_column_text][\/vc_column][vc_column width=\u00bb1\/3&#8243;][vc_column_text el_class=\u00bbtxt-home\u00bb css=\u00bb.vc_custom_1460545060797{margin-bottom: 20px !important;}\u00bb]<img loading=\"lazy\" decoding=\"async\" class=\"alignnone wp-image-111 size-medium\" src=\"http:\/\/www.estudi-cat.com\/wp-content\/uploads\/2016\/04\/fogaiba_1-300x146.jpg\" alt=\"\" width=\"300\" height=\"146\" srcset=\"https:\/\/www.estudi-cat.com\/wp-content\/uploads\/2016\/04\/fogaiba_1-300x146.jpg 300w, https:\/\/www.estudi-cat.com\/wp-content\/uploads\/2016\/04\/fogaiba_1.jpg 324w\" sizes=\"(max-width: 300px) 100vw, 300px\" \/><\/p>\n<p>FOGAIBA[\/vc_column_text][vc_column_text el_class=\u00bbtxt-home\u00bb css=\u00bb.vc_custom_1465546462644{margin-bottom: 20px !important;}\u00bb]<img loading=\"lazy\" decoding=\"async\" class=\"alignnone wp-image-160 size-full\" src=\"http:\/\/www.estudi-cat.com\/wp-content\/uploads\/2016\/04\/logo-Segipsa.gif\" alt=\"\" width=\"136\" height=\"74\" \/><\/p>\n<p>SEGIPSA[\/vc_column_text][\/vc_column][\/vc_row]<\/p>\n<\/div>","protected":false},"excerpt":{"rendered":"<p>[vc_row content_width=\u00bbcontainer\u00bb video_autoplay=\u00bbtrue\u00bb video_controls=\u00bbtrue\u00bb video_mute=\u00bbtrue\u00bb css=\u00bb.vc_custom_1459427140749{margin-bottom: 0px !important;border-right-width: 15px !important;border-left-width: 15px !important;padding-top: 40px !important;padding-right: 20px !important;padding-bottom: 10px !important;padding-left: 20px !important;border-left-color: #000000 !important;border-left-style: solid !important;border-right-color: #000000 !important;border-right-style: solid !important;}\u00bb][vc_column width=\u00bb1\/1&#8243;][vc_column_text] Clientes [\/vc_column_text][\/vc_column][\/vc_row][vc_row content_width=\u00bbcontainer\u00bb video_autoplay=\u00bbtrue\u00bb video_controls=\u00bbtrue\u00bb video_mute=\u00bbtrue\u00bb css=\u00bb.vc_custom_1459427159566{margin-bottom: 0px !important;border-right-width: 15px !important;border-left-width: 15px !important;padding-top: 0px !important;padding-right: 20px !important;padding-bottom: 40px !important;padding-left: 20px !important;border-left-color: #000000 !important;border-left-style: solid !important;border-right-color: #000000 !important;border-right-style: solid !important;}\u00bb][vc_column width=\u00bb1\/2&#8243;][vc_column_text el_class=\u00bbtxt-home\u00bb css=\u00bb.vc_custom_1489392907804{margin-bottom: 20px !important;}\u00bb] En Control i Actualitzaci\u00f3 Territorial trabajamos tanto [&hellip;]<\/p>\n","protected":false},"author":1,"featured_media":0,"parent":0,"menu_order":0,"comment_status":"closed","ping_status":"closed","template":"","meta":{"footnotes":""},"_links":{"self":[{"href":"https:\/\/www.estudi-cat.com\/es\/wp-json\/wp\/v2\/pages\/209"}],"collection":[{"href":"https:\/\/www.estudi-cat.com\/es\/wp-json\/wp\/v2\/pages"}],"about":[{"href":"https:\/\/www.estudi-cat.com\/es\/wp-json\/wp\/v2\/types\/page"}],"author":[{"embeddable":true,"href":"https:\/\/www.estudi-cat.com\/es\/wp-json\/wp\/v2\/users\/1"}],"replies":[{"embeddable":true,"href":"https:\/\/www.estudi-cat.com\/es\/wp-json\/wp\/v2\/comments?post=209"}],"version-history":[{"count":3,"href":"https:\/\/www.estudi-cat.com\/es\/wp-json\/wp\/v2\/pages\/209\/revisions"}],"predecessor-version":[{"id":218,"href":"https:\/\/www.estudi-cat.com\/es\/wp-json\/wp\/v2\/pages\/209\/revisions\/218"}],"wp:attachment":[{"href":"https:\/\/www.estudi-cat.com\/es\/wp-json\/wp\/v2\/media?parent=209"}],"curies":[{"name":"wp","href":"https:\/\/api.w.org\/{rel}","templated":true}]}}