{"id":181,"date":"2016-03-31T11:00:50","date_gmt":"2016-03-31T11:00:50","guid":{"rendered":"http:\/\/www.estudi-cat.com\/es\/home\/"},"modified":"2021-02-11T09:55:15","modified_gmt":"2021-02-11T09:55:15","slug":"home","status":"publish","type":"page","link":"https:\/\/www.estudi-cat.com\/es\/","title":{"rendered":"HOME"},"content":{"rendered":"<div class=\"wpb-content-wrapper\"><p>[vc_row css=\u00bb.vc_custom_1459427140749{margin-bottom: 0px !important;border-right-width: 15px !important;border-left-width: 15px !important;padding-top: 40px !important;padding-right: 20px !important;padding-bottom: 10px !important;padding-left: 20px !important;border-left-color: #000000 !important;border-left-style: solid !important;border-right-color: #000000 !important;border-right-style: solid !important;}\u00bb][vc_column][rev_slider_vc alias=\u00bbhome\u00bb][\/vc_column][\/vc_row][vc_row css=\u00bb.vc_custom_1459427195822{margin-bottom: 0px !important;border-right-width: 15px !important;border-left-width: 15px !important;padding-top: 30px !important;padding-right: 20px !important;padding-bottom: 20px !important;padding-left: 20px !important;border-left-color: #000000 !important;border-left-style: solid !important;border-right-color: #000000 !important;border-right-style: solid !important;}\u00bb][vc_column][vc_column_text]<\/p>\n<h1>Estudi CAT<\/h1>\n<p>[\/vc_column_text][\/vc_column][\/vc_row][vc_row css=\u00bb.vc_custom_1459427159566{margin-bottom: 0px !important;border-right-width: 15px !important;border-left-width: 15px !important;padding-top: 0px !important;padding-right: 20px !important;padding-bottom: 40px !important;padding-left: 20px !important;border-left-color: #000000 !important;border-left-style: solid !important;border-right-color: #000000 !important;border-right-style: solid !important;}\u00bb][vc_column width=\u00bb1\/2&#8243;][vc_column_text el_class=\u00bbtxt-home\u00bb css=\u00bb.vc_custom_1489391004503{margin-bottom: 20px !important;}\u00bb]El proyecto de Control i Actualitzaci\u00f3 Territorial nace hace m\u00e1s de diez a\u00f1os como iniciativa local en el asesoramiento y gesti\u00f3n de servicios orientados a la informaci\u00f3n territorial.<\/p>\n<p>Durante este periodo hemos conseguido una amplia experiencia en gesti\u00f3n de productos catastrales y hemos iniciado nuevos proyectos orientados a la gesti\u00f3n del medio ambiente y el patrimonio.[\/vc_column_text][\/vc_column][vc_column width=\u00bb1\/2&#8243;][vc_column_text el_class=\u00bbtxt-home\u00bb]La iniciativa Estudi CAT\u00a0tiene como principios fundamentales la multidisciplinariedad de su equipo, el esp\u00edritu cooperativo y el compromiso con la calidad y la eficiacia.<\/p>\n<p>Ofrecemos un servicio integral para dar respuesta a nivel t\u00e9cnico y de gesti\u00f3n.[\/vc_column_text][\/vc_column][\/vc_row][vc_row css=\u00bb.vc_custom_1459430488305{margin-bottom: 0px !important;border-right-width: 15px !important;border-left-width: 15px !important;padding-top: 0px !important;padding-right: 20px !important;padding-bottom: 20px !important;padding-left: 20px !important;border-left-color: #000000 !important;border-left-style: solid !important;border-right-color: #000000 !important;border-right-style: solid !important;}\u00bb][vc_column][vc_column_text]<\/p>\n<h1>Servicios<\/h1>\n<p>[\/vc_column_text][\/vc_column][\/vc_row][vc_row css=\u00bb.vc_custom_1459427195822{margin-bottom: 0px !important;border-right-width: 15px !important;border-left-width: 15px !important;padding-top: 30px !important;padding-right: 20px !important;padding-bottom: 20px !important;padding-left: 20px !important;border-left-color: #000000 !important;border-left-style: solid !important;border-right-color: #000000 !important;border-right-style: solid !important;}\u00bb][vc_column width=\u00bb1\/4&#8243; css=\u00bb.vc_custom_1459430436775{margin-bottom: 20px !important;}\u00bb][vc_column_text el_class=\u00bbservei-home\u00bb]<\/p>\n<p><a href=\"http:\/\/www.estudi-cat.com\/serveis\/arquitectura\/\">ARQ<\/a><\/p>\n<p>[\/vc_column_text][vc_column_text el_class=\u00bbserveis-list\u00bb]- Proyectos de arquitectura<\/p>\n<p>&#8211; Legalizaciones<\/p>\n<p>&#8211; Mediciones<\/p>\n<p>&#8211; Certificados de antig\u00fcedad<\/p>\n<p>&#8211; IEE, C\u00e9dulas de habitabilidad[\/vc_column_text][\/vc_column][vc_column width=\u00bb1\/4&#8243; css=\u00bb.vc_custom_1459430443053{margin-bottom: 20px !important;}\u00bb][vc_column_text el_class=\u00bbservei-home\u00bb]<\/p>\n<p><a href=\"http:\/\/www.estudi-cat.com\/serveis\/ing\/\">ING<\/a><\/p>\n<p>[\/vc_column_text][vc_column_text el_class=\u00bbserveis-list\u00bb]- Proyectos de ingenier\u00eda<\/p>\n<p class=\"p1\">&#8211; Topograf\u00eda<\/p>\n<p>&#8211; Licencias de actividad<\/p>\n<p>&#8211; Certificaciones\u00a0energ\u00e9ticas[\/vc_column_text][\/vc_column][vc_column width=\u00bb1\/4&#8243; css=\u00bb.vc_custom_1459430447933{margin-bottom: 20px !important;}\u00bb][vc_column_text el_class=\u00bbservei-home\u00bb]<\/p>\n<p><a href=\"http:\/\/www.estudi-cat.com\/serveis\/gex\/\">GEX<\/a><\/p>\n<p>[\/vc_column_text][vc_column_text el_class=\u00bbserveis-list\u00bb]- Gesti\u00f3n de expedientes catastrales<\/p>\n<p>&#8211; Atenci\u00f3n al contribuyente<\/p>\n<p>&#8211; Valoraci\u00f3n \/ Tasaci\u00f3n de inmuebles urbanos y r\u00fasticos[\/vc_column_text][\/vc_column][vc_column width=\u00bb1\/4&#8243; css=\u00bb.vc_custom_1459430454269{margin-bottom: 20px !important;}\u00bb][vc_column_text el_class=\u00bbservei-home\u00bb]<\/p>\n<p><a href=\"http:\/\/www.estudi-cat.com\/serveis\/geo\/\">GEO<\/a><\/p>\n<p>[\/vc_column_text][vc_column_text el_class=\u00bbserveis-list\u00bb]- Estudios de territorio<\/p>\n<p>&#8211; Estudios de impacto ambiental<\/p>\n<p>&#8211; SIG<\/p>\n<p>&#8211; Geom\u00e1rqueting<\/p>\n<p>&#8211; Arxivos GML[\/vc_column_text][\/vc_column][\/vc_row][vc_row css=\u00bb.vc_custom_1459430488305{margin-bottom: 0px !important;border-right-width: 15px !important;border-left-width: 15px !important;padding-top: 0px !important;padding-right: 20px !important;padding-bottom: 20px !important;padding-left: 20px !important;border-left-color: #000000 !important;border-left-style: solid !important;border-right-color: #000000 !important;border-right-style: solid !important;}\u00bb][vc_column][vc_basic_grid post_type=\u00bbpost\u00bb max_items=\u00bb3&#8243; grid_id=\u00bbvc_gid:1613037239077-acd49a6d-05c5-2&#8243;][\/vc_column][\/vc_row][vc_row css=\u00bb.vc_custom_1459427195822{margin-bottom: 0px !important;border-right-width: 15px !important;border-left-width: 15px !important;padding-top: 30px !important;padding-right: 20px !important;padding-bottom: 20px !important;padding-left: 20px !important;border-left-color: #000000 !important;border-left-style: solid !important;border-right-color: #000000 !important;border-right-style: solid !important;}\u00bb][vc_column][vc_column_text]<\/p>\n<h1>Contacto<\/h1>\n<p>[\/vc_column_text][\/vc_column][\/vc_row][vc_row css=\u00bb.vc_custom_1459427159566{margin-bottom: 0px !important;border-right-width: 15px !important;border-left-width: 15px !important;padding-top: 0px !important;padding-right: 20px !important;padding-bottom: 40px !important;padding-left: 20px !important;border-left-color: #000000 !important;border-left-style: solid !important;border-right-color: #000000 !important;border-right-style: solid !important;}\u00bb][vc_column width=\u00bb1\/3&#8243;][vc_column_text el_class=\u00bbhome-contacte\u00bb css=\u00bb.vc_custom_1613037290715{margin-bottom: 20px !important;}\u00bb]No dude en ponerse en contacto con nosotros:<\/p>\n<p>Control i Actualitzaci\u00f3 Territorial SLU<br \/>\nBisbe Campins, 12, 1\u00baC<br \/>\n07012 Palma<\/p>\n<p>Tel\u00e9fono: <a href=\"tel:+34971755945\">+34\u00a0971 755 945<\/a><br \/>\nCorreo electr\u00f3nico: <a href=\"mailto:info@estudi-cat.com\">info@estudi-cat.com<\/a>[\/vc_column_text][\/vc_column][vc_column width=\u00bb2\/3&#8243;][vc_column_text]<\/p>\n\n<div class=\"wpcf7 no-js\" id=\"wpcf7-f183-o1\" lang=\"es-ES\" dir=\"ltr\">\n<div class=\"screen-reader-response\"><p role=\"status\" aria-live=\"polite\" aria-atomic=\"true\"><\/p> <ul><\/ul><\/div>\n<form action=\"\/es\/wp-json\/wp\/v2\/pages\/181#wpcf7-f183-o1\" method=\"post\" class=\"wpcf7-form init\" aria-label=\"Formulario de contacto\" novalidate=\"novalidate\" data-status=\"init\">\n<div style=\"display: none;\">\n<input type=\"hidden\" name=\"_wpcf7\" value=\"183\" \/>\n<input type=\"hidden\" name=\"_wpcf7_version\" value=\"5.8.6\" \/>\n<input type=\"hidden\" name=\"_wpcf7_locale\" value=\"es_ES\" \/>\n<input type=\"hidden\" name=\"_wpcf7_unit_tag\" value=\"wpcf7-f183-o1\" \/>\n<input type=\"hidden\" name=\"_wpcf7_container_post\" value=\"0\" \/>\n<input type=\"hidden\" name=\"_wpcf7_posted_data_hash\" value=\"\" \/>\n<input type=\"hidden\" name=\"_wpcf7_recaptcha_response\" value=\"\" \/>\n<\/div>\n<div class=\"form-half1\">\n\t<p><span class=\"wpcf7-form-control-wrap\" data-name=\"nom\"><input size=\"40\" class=\"wpcf7-form-control wpcf7-text wpcf7-validates-as-required\" aria-required=\"true\" aria-invalid=\"false\" placeholder=\"Nombre\" value=\"\" type=\"text\" name=\"nom\" \/><\/span>\n\t<\/p>\n<\/div>\n<div class=\"form-half2\">\n\t<p><span class=\"wpcf7-form-control-wrap\" data-name=\"telf\"><input size=\"40\" class=\"wpcf7-form-control wpcf7-text wpcf7-validates-as-required\" aria-required=\"true\" aria-invalid=\"false\" placeholder=\"Tel\u00e9fono\" value=\"\" type=\"text\" name=\"telf\" \/><\/span>\n\t<\/p>\n<\/div>\n<p><br style=\"clear:both\" \/>\n<\/p>\n<div class=\"form-full\">\n\t<p><span class=\"wpcf7-form-control-wrap\" data-name=\"email\"><input size=\"40\" class=\"wpcf7-form-control wpcf7-email wpcf7-validates-as-required wpcf7-text wpcf7-validates-as-email\" aria-required=\"true\" aria-invalid=\"false\" placeholder=\"E-mail\" value=\"\" type=\"email\" name=\"email\" \/><\/span>\n\t<\/p>\n<\/div>\n<p><br style=\"clear:both\" \/>\n<\/p>\n<div class=\"form-full\">\n\t<p><span class=\"wpcf7-form-control-wrap\" data-name=\"missatge\"><textarea cols=\"40\" rows=\"10\" class=\"wpcf7-form-control wpcf7-textarea wpcf7-validates-as-required\" aria-required=\"true\" aria-invalid=\"false\" placeholder=\"\" name=\"missatge\"><\/textarea><\/span>\n\t<\/p>\n<\/div>\n<p><span class=\"wpcf7-form-control-wrap\" data-name=\"acceptance-899\"><span class=\"wpcf7-form-control wpcf7-acceptance optional\"><span class=\"wpcf7-list-item\"><label><input type=\"checkbox\" name=\"acceptance-899\" value=\"1\" aria-invalid=\"false\" \/><span class=\"wpcf7-list-item-label\"><a href=\"https:\/\/www.estudi-cat.com\/es\/politica-de-privacidad\/\" target=\"_blank\" >He le\u00eddo y acepto la Pol\u00edtica de Privacidad<\/a><\/span><\/label><\/span><\/span><\/span><br \/>\nPROTECCI\u00d3N DE DATOS:<br \/>\nDe conformidad con las normativas de protecci\u00f3n de datos le facilitamos la siguiente informaci\u00f3n del tratamiento:<br \/>\nResponsable: CONTROL I ACTUALITZACIO TERRITORIAL S.L., B57292856, Bisbe Campins 12, 1\u00ba, C, - 07012 Palma<br \/>\n(Illes Balears), direccio@estudi-cat.com<br \/>\nFines del tratamiento: mantener una relaci\u00f3n comercial y env\u00edo de comunicaciones de productos o servicios<br \/>\nLegitimaci\u00f3n: Obligaci\u00f3n legal del Responsable y consentimiento del interesado cuando proceda.<br \/>\nDestinatarios de cesiones: Administraciones p\u00fablicas competentes para el cumplimiento de obligaciones legales.<br \/>\nDerechos que le asisten: acceso, rectificaci\u00f3n, portabilidad, supresi\u00f3n, limitaci\u00f3n y oposici\u00f3n<br \/>\nM\u00e1s informaci\u00f3n del tratamiento: estudi-cat.com<br \/>\n<input class=\"wpcf7-form-control wpcf7-submit has-spinner submit-button\" type=\"submit\" value=\"ENVIAR\" \/>\n<\/p><div class=\"wpcf7-response-output\" aria-hidden=\"true\"><\/div>\n<\/form>\n<\/div>\n\n<p>[\/vc_column_text][\/vc_column][\/vc_row]<\/p>\n<\/div>","protected":false},"excerpt":{"rendered":"<p>[vc_row css=\u00bb.vc_custom_1459427140749{margin-bottom: 0px !important;border-right-width: 15px !important;border-left-width: 15px !important;padding-top: 40px !important;padding-right: 20px !important;padding-bottom: 10px !important;padding-left: 20px !important;border-left-color: #000000 !important;border-left-style: solid !important;border-right-color: #000000 !important;border-right-style: solid !important;}\u00bb][vc_column][rev_slider_vc alias=\u00bbhome\u00bb][\/vc_column][\/vc_row][vc_row css=\u00bb.vc_custom_1459427195822{margin-bottom: 0px !important;border-right-width: 15px !important;border-left-width: 15px !important;padding-top: 30px !important;padding-right: 20px !important;padding-bottom: 20px !important;padding-left: 20px !important;border-left-color: #000000 !important;border-left-style: solid !important;border-right-color: #000000 !important;border-right-style: solid !important;}\u00bb][vc_column][vc_column_text] Estudi CAT [\/vc_column_text][\/vc_column][\/vc_row][vc_row css=\u00bb.vc_custom_1459427159566{margin-bottom: 0px !important;border-right-width: 15px !important;border-left-width: 15px !important;padding-top: 0px !important;padding-right: 20px !important;padding-bottom: 40px !important;padding-left: 20px !important;border-left-color: #000000 !important;border-left-style: solid !important;border-right-color: [&hellip;]<\/p>\n","protected":false},"author":1,"featured_media":0,"parent":0,"menu_order":0,"comment_status":"closed","ping_status":"closed","template":"","meta":{"footnotes":""},"_links":{"self":[{"href":"https:\/\/www.estudi-cat.com\/es\/wp-json\/wp\/v2\/pages\/181"}],"collection":[{"href":"https:\/\/www.estudi-cat.com\/es\/wp-json\/wp\/v2\/pages"}],"about":[{"href":"https:\/\/www.estudi-cat.com\/es\/wp-json\/wp\/v2\/types\/page"}],"author":[{"embeddable":true,"href":"https:\/\/www.estudi-cat.com\/es\/wp-json\/wp\/v2\/users\/1"}],"replies":[{"embeddable":true,"href":"https:\/\/www.estudi-cat.com\/es\/wp-json\/wp\/v2\/comments?post=181"}],"version-history":[{"count":6,"href":"https:\/\/www.estudi-cat.com\/es\/wp-json\/wp\/v2\/pages\/181\/revisions"}],"predecessor-version":[{"id":1044,"href":"https:\/\/www.estudi-cat.com\/es\/wp-json\/wp\/v2\/pages\/181\/revisions\/1044"}],"wp:attachment":[{"href":"https:\/\/www.estudi-cat.com\/es\/wp-json\/wp\/v2\/media?parent=181"}],"curies":[{"name":"wp","href":"https:\/\/api.w.org\/{rel}","templated":true}]}}