{"id":1084,"date":"2021-02-12T08:53:54","date_gmt":"2021-02-12T08:53:54","guid":{"rendered":"https:\/\/www.estudi-cat.com\/?page_id=1084"},"modified":"2021-02-12T08:56:07","modified_gmt":"2021-02-12T08:56:07","slug":"aviso-legal","status":"publish","type":"page","link":"https:\/\/www.estudi-cat.com\/es\/aviso-legal\/","title":{"rendered":"Aviso Legal"},"content":{"rendered":"<div class=\"wpb-content-wrapper\"><p>[vc_row css=\u00bb.vc_custom_1459427140749{margin-bottom: 0px !important;border-right-width: 15px !important;border-left-width: 15px !important;padding-top: 40px !important;padding-right: 20px !important;padding-bottom: 10px !important;padding-left: 20px !important;border-left-color: #000000 !important;border-left-style: solid !important;border-right-color: #000000 !important;border-right-style: solid !important;}\u00bb][vc_column][vc_column_text]<\/p>\n<h1>AVISO LEGAL<\/h1>\n<p>[\/vc_column_text][\/vc_column][\/vc_row][vc_row css=\u00bb.vc_custom_1459427159566{margin-bottom: 0px !important;border-right-width: 15px !important;border-left-width: 15px !important;padding-top: 0px !important;padding-right: 20px !important;padding-bottom: 40px !important;padding-left: 20px !important;border-left-color: #000000 !important;border-left-style: solid !important;border-right-color: #000000 !important;border-right-style: solid !important;}\u00bb][vc_column][vc_column_text el_class=\u00bbtxt-home\u00bb css=\u00bb.vc_custom_1613120163573{margin-bottom: 20px !important;}\u00bb]<\/p>\n<p class=\"p1\">CONTROL I ACTUALITZACIO TERRITORIAL S.L., responsable del sitio web, en adelante<\/p>\n<p class=\"p1\">RESPONSABLE, pone a disposici\u00f3n de los usuarios el presente documento, con el que pretende dar<\/p>\n<p class=\"p1\">cumplimiento a las obligaciones dispuestas en la Ley 34\/2002, de 11 de julio, de Servicios de la<\/p>\n<p class=\"p1\">Sociedad de la Informaci\u00f3n y de Comercio Electr\u00f3nico (LSSICE), BOE N \u00ba 166, as\u00ed como informar a<\/p>\n<p class=\"p1\">todos los usuarios del sitio web respecto a cu\u00e1les son las condiciones de uso.<\/p>\n<p class=\"p1\">Toda persona que acceda a este sitio web asume el papel de usuario, comprometi\u00e9ndose a la<\/p>\n<p class=\"p1\">observancia y cumplimiento riguroso de las disposiciones aqu\u00ed dispuestas, as\u00ed como a cualquier otra<\/p>\n<p class=\"p1\">disposici\u00f3n legal que fuera de aplicaci\u00f3n.<\/p>\n<p class=\"p1\">CONTROL I ACTUALITZACIO TERRITORIAL S.L. se reserva el derecho de modificar cualquier tipo de<\/p>\n<p class=\"p1\">informaci\u00f3n que pudiera aparecer en el sitio web, sin que exista obligaci\u00f3n de preavisar o poner en<\/p>\n<p class=\"p1\">conocimiento de los usuarios dichas obligaciones, entendi\u00e9ndose como suficiente con la publicaci\u00f3n en<\/p>\n<p class=\"p1\">el sitio web de CONTROL I ACTUALITZACIO TERRITORIAL S.L..<\/p>\n<p class=\"p1\">1. DATOS IDENTIFICATIVOS<\/p>\n<p class=\"p1\">Nombre de dominio: estudi-cat.com<\/p>\n<p class=\"p1\">Nombre comercial: ESTUDI CAT<\/p>\n<p class=\"p1\">Denominaci\u00f3n social: CONTROL I ACTUALITZACIO TERRITORIAL S.L.<\/p>\n<p class=\"p1\">NIF: B57292856<\/p>\n<p class=\"p1\">Domicilio social: Bisbe Campins 12, 1\u00ba, C, &#8211; 07012 Palma (Illes Balears)<\/p>\n<p class=\"p1\">Tel\u00e9fono: 971755945<\/p>\n<p class=\"p1\">e-mail: direccio@estudi-cat.com<\/p>\n<p class=\"p1\">Inscrita en el Registro (Mercantil \/ P\u00fablico): Registro Mercantil de Palma. Tomo: 2082, Folio: 166, Hoja:<\/p>\n<p class=\"p1\">PN-48218<\/p>\n<p class=\"p1\">2. DERECHOS DE PROPIEDAD INTELECTUAL E INDUSTRIAL<\/p>\n<p class=\"p1\">El sitio web, incluyendo a t\u00edtulo enunciativo pero no limitativo su programaci\u00f3n, edici\u00f3n, compilaci\u00f3n y<\/p>\n<p class=\"p1\">dem\u00e1s elementos necesarios para su funcionamiento, los dise\u00f1os, logotipos, texto y\/o gr\u00e1ficos, son<\/p>\n<p class=\"p1\">propiedad del RESPONSABLE o, si es el caso, dispone de licencia o autorizaci\u00f3n expresa por parte de<\/p>\n<p class=\"p1\">los autores. Todos los contenidos del sitio web se encuentran debidamente protegidos por la normativa<\/p>\n<p class=\"p1\">de propiedad intelectual e industrial, as\u00ed como inscritos en los registros p\u00fablicos correspondientes.<\/p>\n<p class=\"p1\">Independientemente de la finalidad para la que fueran destinados, la reproducci\u00f3n total o parcial, uso,<\/p>\n<p class=\"p1\">explotaci\u00f3n, distribuci\u00f3n y comercializaci\u00f3n, requiere en todo caso de la autorizaci\u00f3n escrita previa por<\/p>\n<p class=\"p1\">parte del RESPONSABLE.<\/p>\n<p class=\"p1\">Cualquier uso no autorizado previamente se considera un incumplimiento grave de los derechos de<\/p>\n<p class=\"p1\">propiedad intelectual o industrial del autor.<\/p>\n<p class=\"p1\">Los dise\u00f1os, logotipos, texto y\/o gr\u00e1ficos ajenos al RESPONSABLE y que pudieran aparecer en el sitio<\/p>\n<p class=\"p1\">CONTROL I ACTUALITZACIO TERRITORIAL S.L.<\/p>\n<p class=\"p2\">P. 2<\/p>\n<p class=\"p3\">CONTROL I ACTUALITZACIO TERRITORIAL S.L.<\/p>\n<p class=\"p3\">Bisbe Campins 12, 1\u00ba, C, &#8211; 07012 Palma (Illes Balears)<\/p>\n<p class=\"p1\">web, pertenecen a sus respectivos propietarios, siendo ellos mismos responsables de cualquier posible<\/p>\n<p class=\"p1\">controversia que pudiera suscitarse respecto a los mismos. El RESPONSABLE autoriza expresamente<\/p>\n<p class=\"p1\">a que terceros puedan redirigir directamente a los contenidos concretos del sitio web, y en todo caso<\/p>\n<p class=\"p1\">redirigir al sitio web principal de estudi-cat.com.<\/p>\n<p class=\"p1\">El RESPONSABLE reconoce a favor de sus titulares los correspondientes derechos de propiedad<\/p>\n<p class=\"p1\">intelectual e industrial, no implicando su sola menci\u00f3n o aparici\u00f3n en el sitio web la existencia de<\/p>\n<p class=\"p1\">derechos o responsabilidad alguna sobre los mismos, como tampoco respaldo, patrocinio o<\/p>\n<p class=\"p1\">recomendaci\u00f3n por parte del mismo.<\/p>\n<p class=\"p1\">Para realizar cualquier tipo de observaci\u00f3n respecto a posibles incumplimientos de los derechos de<\/p>\n<p class=\"p1\">propiedad intelectual o industrial, as\u00ed como sobre cualquiera de los contenidos del sitio web, puede<\/p>\n<p class=\"p1\">hacerlo a trav\u00e9s del correo electr\u00f3nico direccio@estudi-cat.com.<\/p>\n<p class=\"p1\">3. EXENCI\u00d3N DE RESPONSABILIDADES<\/p>\n<p class=\"p1\">El RESPONSABLE se exime de cualquier tipo de responsabilidad derivada de la informaci\u00f3n publicada<\/p>\n<p class=\"p1\">en su sitio web siempre que esta informaci\u00f3n haya sido manipulada o introducida por un tercero ajeno<\/p>\n<p class=\"p1\">al mismo.<\/p>\n<p class=\"p1\">Uso de Cookies<\/p>\n<p class=\"p1\">Este sitio web puede utilizar cookies t\u00e9cnicas (peque\u00f1os archivos de informaci\u00f3n que el servidor env\u00eda<\/p>\n<p class=\"p1\">al ordenador de quien accede a la p\u00e1gina) para llevar a cabo determinadas funciones que son<\/p>\n<p class=\"p1\">consideradas imprescindibles para el correcto funcionamiento y visualizaci\u00f3n del sitio. Las cookies<\/p>\n<p class=\"p1\">utilizadas tienen, en todo caso, car\u00e1cter temporal, con la \u00fanica finalidad de hacer m\u00e1s eficaz la<\/p>\n<p class=\"p1\">navegaci\u00f3n, y desaparecen al terminar la sesi\u00f3n del usuario. En ning\u00fan caso, estas cookies<\/p>\n<p class=\"p1\">proporcionan por s\u00ed mismas datos de car\u00e1cter personal y no se utilizar\u00e1n para la recogida de los<\/p>\n<p class=\"p1\">mismos. Mediante el uso de cookies tambi\u00e9n es posible que el servidor donde se encuentra la web<\/p>\n<p class=\"p1\">reconozca el navegador utilizado por el usuario con la finalidad de que la navegaci\u00f3n sea m\u00e1s sencilla,<\/p>\n<p class=\"p1\">permitiendo, por ejemplo, el acceso de los usuarios que se hayan registrado previamente a las \u00e1reas,<\/p>\n<p class=\"p1\">servicios, promociones o concursos reservados exclusivamente a ellos sin tener que registrarse en<\/p>\n<p class=\"p1\">cada visita. Tambi\u00e9n se pueden utilizar para medir la audiencia, par\u00e1metros de tr\u00e1fico, controlar el<\/p>\n<p class=\"p1\">progreso y n\u00famero de entradas, etc., siendo en estos casos cookies prescindibles t\u00e9cnicamente, pero<\/p>\n<p class=\"p1\">beneficiosas para el usuario. Este sitio web no instalar\u00e1 cookies prescindibles sin el consentimiento<\/p>\n<p class=\"p1\">previo del usuario. Este sitio web utiliza cookies anal\u00edticas (_ga o _utm) propiedad de Google Analytics,<\/p>\n<p class=\"p1\">persistentes durante 2 a\u00f1os, para habilitar la funci\u00f3n de control de visitas \u00fanicas con el fin de facilitarle<\/p>\n<p class=\"p1\">su navegaci\u00f3n. A todo usuario que visita la web se le informa del uso de estas cookies mediante un<\/p>\n<p class=\"p1\">banner flotante, considerando que si acepta el tratamiento est\u00e1 de acuerdo con su uso. En el caso de<\/p>\n<p class=\"p1\">aceptar su uso el banner desaparecer\u00e1, aunque en todo momento podr\u00e1 revocar el consentimiento y<\/p>\n<p class=\"p1\">obtener m\u00e1s informaci\u00f3n consultando nuestra Pol\u00edtica de cookies. El usuario tiene la posibilidad de<\/p>\n<p class=\"p1\">configurar su navegador para ser alertado de la recepci\u00f3n de cookies y para impedir su instalaci\u00f3n en<\/p>\n<p class=\"p1\">su equipo. Por favor, consulte las instrucciones de su navegador para ampliar esta informaci\u00f3n.<\/p>\n<p class=\"p1\">Obligaciones del usuario<\/p>\n<p class=\"p1\">Por el uso del Sitio Web, el usuario manifiesta que es mayor de dieciocho a\u00f1os. Para hacer uso del<\/p>\n<p class=\"p1\">Sitio Web los menores de edad deben obtener previamente permiso de sus padres, tutores o<\/p>\n<p class=\"p1\">CONTROL I ACTUALITZACIO TERRITORIAL S.L.<\/p>\n<p class=\"p2\">P. 3<\/p>\n<p class=\"p3\">CONTROL I ACTUALITZACIO TERRITORIAL S.L.<\/p>\n<p class=\"p3\">Bisbe Campins 12, 1\u00ba, C, &#8211; 07012 Palma (Illes Balears)<\/p>\n<p class=\"p1\">representantes legales, quienes ser\u00e1n considerados responsables de todos los actos realizados por los<\/p>\n<p class=\"p1\">menores a su cargo. El usuario se obliga, con car\u00e1cter general, a utilizar el Sitio Web y los servicios<\/p>\n<p class=\"p1\">vinculados al mismo, de forma diligente, de conformidad con la ley, la moral, el orden p\u00fablico y lo<\/p>\n<p class=\"p1\">dispuesto en estas condiciones generales y en las particulares que sean de aplicaci\u00f3n, debiendo,<\/p>\n<p class=\"p1\">asimismo, abstenerse de utilizarlos en cualquier forma que pueda impedir el normal funcionamiento y<\/p>\n<p class=\"p1\">disfrute por parte de los usuarios del Sitio Web y de los servicios vinculados al mismo, o que pudiera<\/p>\n<p class=\"p1\">lesionar o causar da\u00f1os a los bienes y derechos de los titulares del Sitio Web, de sus proveedores,<\/p>\n<p class=\"p1\">usuarios o, en general, de cualquier tercero. El usuario, en la utilizaci\u00f3n del Sitio Web y de los servicios<\/p>\n<p class=\"p1\">vinculados al mismo, se obliga a: 1. No introducir, almacenar o difundir mediante el Sitio Web o a<\/p>\n<p class=\"p1\">trav\u00e9s de cualquiera de los servicios vinculados al mismo, ning\u00fan programa de ordenador, dato, virus,<\/p>\n<p class=\"p1\">c\u00f3digo, o cualquier otro instrumento o dispositivo electr\u00f3nico que sea susceptible de causar da\u00f1os en<\/p>\n<p class=\"p1\">el Sitio Web, en cualquiera de los servicios vinculados al mismo o en cualesquiera equipos, sistemas o<\/p>\n<p class=\"p1\">redes de las titulares del Sitio Web, de cualquier usuario, de sus proveedores o en general de cualquier<\/p>\n<p class=\"p1\">tercero, o que de otra forma sea capaz de causarles cualquier tipo de alteraci\u00f3n o impedir el normal<\/p>\n<p class=\"p1\">funcionamiento del mismo. 2. No utilizar identidades falsas, ni suplantar la identidad de otros en la<\/p>\n<p class=\"p1\">utilizaci\u00f3n del Sitio Web o de cualquiera de losservicios vinculados al mismo. 3. No destruir, alterar,<\/p>\n<p class=\"p1\">inutilizar o da\u00f1ar los datos, informaciones, programas o documentos electr\u00f3nicos de los titulares del<\/p>\n<p class=\"p1\">Sitio Web, de sus proveedores o de terceros. 4. No introducir, o difundir cualquier informaci\u00f3n que<\/p>\n<p class=\"p1\">fuera difamatoria, injuriosa, obscena, amenazadora, xen\u00f3foba, incite a la violencia, que incite a la<\/p>\n<p class=\"p1\">discriminaci\u00f3n por razones de sexo, raza, ideolog\u00eda o religi\u00f3n o que de cualquier forma atente contra la<\/p>\n<p class=\"p1\">moral, el orden p\u00fablico, los derechos fundamentales, las libertades p\u00fablicas, el honor, la intimidad o la<\/p>\n<p class=\"p1\">imagen de terceros y, en general, la normativa vigente. En el caso de que cualquier usuario considere<\/p>\n<p class=\"p1\">que existen hechos o circunstancias que revelen el car\u00e1cter il\u00edcito de la utilizaci\u00f3n de cualquier<\/p>\n<p class=\"p1\">contenido y\/o de la realizaci\u00f3n de cualquier actividad en el Sitio Web o accesibles a trav\u00e9s del mismo,<\/p>\n<p class=\"p1\">deber\u00e1 enviar una notificaci\u00f3n a lastitulares del Sitio Web dirigiendo un e-mail a direccio@estudicat.<\/p>\n<p class=\"p1\">com<\/p>\n<p class=\"p1\">Pol\u00edtica de enlaces<\/p>\n<p class=\"p1\">Desde el sitio web, es posible que se redirija a contenidos de terceros sitios web. Dado que el<\/p>\n<p class=\"p1\">RESPONSABLE no puede controlar siempre los contenidos introducidos por los terceros en sus<\/p>\n<p class=\"p1\">respectivos sitios web, no asume ning\u00fan tipo de responsabilidad respecto a dichos contenidos. En todo<\/p>\n<p class=\"p1\">caso, proceder\u00e1 a la retirada inmediata de cualquier contenido que pudiera contravenir la legislaci\u00f3n<\/p>\n<p class=\"p1\">nacional o internacional, la moral o el orden p\u00fablico, procediendo a la retirada inmediata de la<\/p>\n<p class=\"p1\">redirecci\u00f3n a dicho sitio web, poniendo en conocimiento de las autoridades competentes el contenido<\/p>\n<p class=\"p1\">en cuesti\u00f3n.<\/p>\n<p class=\"p1\">El RESPONSABLE no se hace responsable de la informaci\u00f3n y contenidos almacenados, a t\u00edtulo<\/p>\n<p class=\"p1\">enunciativo pero no limitativo, en foros, chats, generadores de blogs, comentarios, redes sociales o<\/p>\n<p class=\"p1\">cualquier otro medio que permita a terceros publicar contenidos de forma independiente en la p\u00e1gina<\/p>\n<p class=\"p1\">web del RESPONSABLE. Sin embargo, y en cumplimiento de lo dispuesto en los art\u00edculos 11 y 16 de<\/p>\n<p class=\"p1\">la LSSICE, se pone a disposici\u00f3n de todos los usuarios, autoridades y fuerzas de seguridad,<\/p>\n<p class=\"p1\">colaborando de forma activa en la retirada o, en su caso, bloqueo de todos aquellos contenidos que<\/p>\n<p class=\"p1\">puedan afectar o contravenir la legislaci\u00f3n nacional o internacional, los derechos de terceros o la moral<\/p>\n<p class=\"p1\">y el orden p\u00fablico. En caso de que el usuario considere que existe en el sitio web alg\u00fan contenido que<\/p>\n<p class=\"p1\">pudiera ser susceptible de esta clasificaci\u00f3n, se ruega lo notifique de forma inmediata al administrador<\/p>\n<p class=\"p1\">del sitio web.<\/p>\n<p class=\"p1\">CONTROL I ACTUALITZACIO TERRITORIAL S.L.<\/p>\n<p class=\"p2\">P. 4<\/p>\n<p class=\"p3\">CONTROL I ACTUALITZACIO TERRITORIAL S.L.<\/p>\n<p class=\"p3\">Bisbe Campins 12, 1\u00ba, C, &#8211; 07012 Palma (Illes Balears)<\/p>\n<p class=\"p1\">Este sitio web ha sido revisado y probado para que funcione correctamente. En principio, puede<\/p>\n<p class=\"p1\">garantizarse el correcto funcionamiento los 365 d\u00edas del a\u00f1o, 24 horas al d\u00eda. Sin embargo, el<\/p>\n<p class=\"p1\">RESPONSABLE no descarta la posibilidad de que existan ciertos errores de programaci\u00f3n, o que<\/p>\n<p class=\"p1\">acontezcan causas de fuerza mayor, cat\u00e1strofes naturales, huelgas o circunstancias semejantes que<\/p>\n<p class=\"p1\">hagan imposible el acceso a la p\u00e1gina web.<\/p>\n<p class=\"p1\">Direcciones IP<\/p>\n<p class=\"p1\">Los servidores del sitio web podr\u00e1n detectar de manera autom\u00e1tica la direcci\u00f3n IP y el nombre de<\/p>\n<p class=\"p1\">dominio utilizados por el usuario. Una direcci\u00f3n IP es un n\u00famero asignado autom\u00e1ticamente a un<\/p>\n<p class=\"p1\">ordenador cuando \u00e9ste se conecta a Internet. Toda esta informaci\u00f3n es registrada en un fichero de<\/p>\n<p class=\"p1\">actividad del servidor debidamente inscrito que permite el posterior procesamiento de los datos con el<\/p>\n<p class=\"p1\">fin de obtener mediciones \u00fanicamente estad\u00edsticas que permitan conocer el n\u00famero de impresiones de<\/p>\n<p class=\"p1\">p\u00e1ginas, el n\u00famero de visitas realizadas a los servidores web, el orden de visitas, el punto de acceso,<\/p>\n<p class=\"p1\">etc.<\/p>\n<p class=\"p1\">4. LEY APLICABLE Y JURISDICCI\u00d3N<\/p>\n<p class=\"p1\">Para la resoluci\u00f3n de todas las controversias o cuestiones relacionadas con el presente sitio web o de<\/p>\n<p class=\"p1\">las actividades en \u00e9l desarrolladas, ser\u00e1 de aplicaci\u00f3n la legislaci\u00f3n espa\u00f1ola, a la que se someten<\/p>\n<p class=\"p1\">expresamente las partes, siendo competentes para la resoluci\u00f3n de todos los conflictos derivados o<\/p>\n<p class=\"p1\">relacionados con su uso los Juzgados y Tribunales m\u00e1s cercanos a Palma.<\/p>\n<p>[\/vc_column_text][\/vc_column][\/vc_row]<\/p>\n<\/div>","protected":false},"excerpt":{"rendered":"<p>[vc_row css=\u00bb.vc_custom_1459427140749{margin-bottom: 0px !important;border-right-width: 15px !important;border-left-width: 15px !important;padding-top: 40px !important;padding-right: 20px !important;padding-bottom: 10px !important;padding-left: 20px !important;border-left-color: #000000 !important;border-left-style: solid !important;border-right-color: #000000 !important;border-right-style: solid !important;}\u00bb][vc_column][vc_column_text] AVISO LEGAL [\/vc_column_text][\/vc_column][\/vc_row][vc_row css=\u00bb.vc_custom_1459427159566{margin-bottom: 0px !important;border-right-width: 15px !important;border-left-width: 15px !important;padding-top: 0px !important;padding-right: 20px !important;padding-bottom: 40px !important;padding-left: 20px !important;border-left-color: #000000 !important;border-left-style: solid !important;border-right-color: #000000 !important;border-right-style: solid !important;}\u00bb][vc_column][vc_column_text el_class=\u00bbtxt-home\u00bb css=\u00bb.vc_custom_1613120163573{margin-bottom: 20px !important;}\u00bb] CONTROL I ACTUALITZACIO TERRITORIAL S.L., responsable del sitio web, en adelante RESPONSABLE, pone a disposici\u00f3n de [&hellip;]<\/p>\n","protected":false},"author":4,"featured_media":0,"parent":0,"menu_order":0,"comment_status":"closed","ping_status":"closed","template":"","meta":{"footnotes":""},"_links":{"self":[{"href":"https:\/\/www.estudi-cat.com\/es\/wp-json\/wp\/v2\/pages\/1084"}],"collection":[{"href":"https:\/\/www.estudi-cat.com\/es\/wp-json\/wp\/v2\/pages"}],"about":[{"href":"https:\/\/www.estudi-cat.com\/es\/wp-json\/wp\/v2\/types\/page"}],"author":[{"embeddable":true,"href":"https:\/\/www.estudi-cat.com\/es\/wp-json\/wp\/v2\/users\/4"}],"replies":[{"embeddable":true,"href":"https:\/\/www.estudi-cat.com\/es\/wp-json\/wp\/v2\/comments?post=1084"}],"version-history":[{"count":2,"href":"https:\/\/www.estudi-cat.com\/es\/wp-json\/wp\/v2\/pages\/1084\/revisions"}],"predecessor-version":[{"id":1086,"href":"https:\/\/www.estudi-cat.com\/es\/wp-json\/wp\/v2\/pages\/1084\/revisions\/1086"}],"wp:attachment":[{"href":"https:\/\/www.estudi-cat.com\/es\/wp-json\/wp\/v2\/media?parent=1084"}],"curies":[{"name":"wp","href":"https:\/\/api.w.org\/{rel}","templated":true}]}}