{"id":179,"date":"2016-03-31T11:00:50","date_gmt":"2016-03-31T11:00:50","guid":{"rendered":"http:\/\/www.estudi-cat.com\/en\/home\/"},"modified":"2021-02-11T09:59:15","modified_gmt":"2021-02-11T09:59:15","slug":"home","status":"publish","type":"page","link":"https:\/\/www.estudi-cat.com\/en\/","title":{"rendered":"HOME"},"content":{"rendered":"<div class=\"wpb-content-wrapper\"><p>[vc_row css=&#8221;.vc_custom_1459427140749{margin-bottom: 0px !important;border-right-width: 15px !important;border-left-width: 15px !important;padding-top: 40px !important;padding-right: 20px !important;padding-bottom: 10px !important;padding-left: 20px !important;border-left-color: #000000 !important;border-left-style: solid !important;border-right-color: #000000 !important;border-right-style: solid !important;}&#8221;][vc_column][rev_slider_vc alias=&#8221;home&#8221;][\/vc_column][\/vc_row][vc_row css=&#8221;.vc_custom_1459427195822{margin-bottom: 0px !important;border-right-width: 15px !important;border-left-width: 15px !important;padding-top: 30px !important;padding-right: 20px !important;padding-bottom: 20px !important;padding-left: 20px !important;border-left-color: #000000 !important;border-left-style: solid !important;border-right-color: #000000 !important;border-right-style: solid !important;}&#8221;][vc_column][vc_column_text]<\/p>\n<h1>Estudi CAT<\/h1>\n<p>[\/vc_column_text][\/vc_column][\/vc_row][vc_row css=&#8221;.vc_custom_1459427159566{margin-bottom: 0px !important;border-right-width: 15px !important;border-left-width: 15px !important;padding-top: 0px !important;padding-right: 20px !important;padding-bottom: 40px !important;padding-left: 20px !important;border-left-color: #000000 !important;border-left-style: solid !important;border-right-color: #000000 !important;border-right-style: solid !important;}&#8221;][vc_column width=&#8221;1\/2&#8243;][vc_column_text el_class=&#8221;txt-home&#8221; css=&#8221;.vc_custom_1489404702290{margin-bottom: 20px !important;}&#8221;]Control i Actualitzaci\u00f3 Territorail project was born more than ten years ago as a local initiative&#8217;s advisory and management services to spatial information.<\/p>\n<p>During this period we have gained a wide experience in cadastral product management and we have initiated new projects aimed at the management of the environment and heritage.[\/vc_column_text][\/vc_column][vc_column width=&#8221;1\/2&#8243;][vc_column_text el_class=&#8221;txt-home&#8221;]Estudi CAT initiative has the fundamental principles of the multidisciplinary team, cooperative spirit and commitment to quality and efficiency.<\/p>\n<p>We offer a comprehensive service to meet technical and management level.[\/vc_column_text][\/vc_column][\/vc_row][vc_row css=&#8221;.vc_custom_1459430488305{margin-bottom: 0px !important;border-right-width: 15px !important;border-left-width: 15px !important;padding-top: 0px !important;padding-right: 20px !important;padding-bottom: 20px !important;padding-left: 20px !important;border-left-color: #000000 !important;border-left-style: solid !important;border-right-color: #000000 !important;border-right-style: solid !important;}&#8221;][vc_column][vc_column_text]<\/p>\n<h1>Services<\/h1>\n<p>[\/vc_column_text][\/vc_column][\/vc_row][vc_row css=&#8221;.vc_custom_1459427195822{margin-bottom: 0px !important;border-right-width: 15px !important;border-left-width: 15px !important;padding-top: 30px !important;padding-right: 20px !important;padding-bottom: 20px !important;padding-left: 20px !important;border-left-color: #000000 !important;border-left-style: solid !important;border-right-color: #000000 !important;border-right-style: solid !important;}&#8221;][vc_column width=&#8221;1\/4&#8243; css=&#8221;.vc_custom_1459430436775{margin-bottom: 20px !important;}&#8221;][vc_column_text el_class=&#8221;servei-home&#8221;]<\/p>\n<p><a href=\"http:\/\/www.estudi-cat.com\/serveis\/arquitectura\/\">ARQ<\/a><\/p>\n<p>[\/vc_column_text][vc_column_text el_class=&#8221;serveis-list&#8221;]- Architecture projects<\/p>\n<p>&#8211; Legalizations<\/p>\n<p>&#8211; Measurements<\/p>\n<p>&#8211; Building certificate of seniority<\/p>\n<p>&#8211; IEE, certificate of occupancy[\/vc_column_text][\/vc_column][vc_column width=&#8221;1\/4&#8243; css=&#8221;.vc_custom_1459430443053{margin-bottom: 20px !important;}&#8221;][vc_column_text el_class=&#8221;servei-home&#8221;]<\/p>\n<p><a href=\"http:\/\/www.estudi-cat.com\/serveis\/ing\/\">ING<\/a><\/p>\n<p>[\/vc_column_text][vc_column_text el_class=&#8221;serveis-list&#8221;]- Engineering projects<\/p>\n<p class=\"p1\">&#8211; Topography<\/p>\n<p>&#8211; Activity licensing<\/p>\n<p>&#8211; Energy certificates[\/vc_column_text][\/vc_column][vc_column width=&#8221;1\/4&#8243; css=&#8221;.vc_custom_1459430447933{margin-bottom: 20px !important;}&#8221;][vc_column_text el_class=&#8221;servei-home&#8221;]<\/p>\n<p><a href=\"http:\/\/www.estudi-cat.com\/serveis\/gex\/\">GEX<\/a><\/p>\n<p>[\/vc_column_text][vc_column_text el_class=&#8221;serveis-list&#8221;]- Cadastral records management<\/p>\n<p>&#8211; Taxpayer&#8217;s support<\/p>\n<p>&#8211; Economic valuation \/ Appraisal of rustic and urban estates[\/vc_column_text][\/vc_column][vc_column width=&#8221;1\/4&#8243; css=&#8221;.vc_custom_1459430454269{margin-bottom: 20px !important;}&#8221;][vc_column_text el_class=&#8221;servei-home&#8221;]<\/p>\n<p><a href=\"http:\/\/www.estudi-cat.com\/serveis\/geo\/\">GEO<\/a><\/p>\n<p>[\/vc_column_text][vc_column_text el_class=&#8221;serveis-list&#8221;]- Territory studies<\/p>\n<p>&#8211; Environmental impact studies<\/p>\n<p>&#8211; SIG<\/p>\n<p>&#8211; Geomarketing<\/p>\n<p>&#8211; GML files[\/vc_column_text][\/vc_column][\/vc_row][vc_row css=&#8221;.vc_custom_1459430488305{margin-bottom: 0px !important;border-right-width: 15px !important;border-left-width: 15px !important;padding-top: 0px !important;padding-right: 20px !important;padding-bottom: 20px !important;padding-left: 20px !important;border-left-color: #000000 !important;border-left-style: solid !important;border-right-color: #000000 !important;border-right-style: solid !important;}&#8221;][vc_column][vc_basic_grid post_type=&#8221;post&#8221; max_items=&#8221;3&#8243; grid_id=&#8221;vc_gid:1613037534769-67594be6-4aba-1&#8243;][\/vc_column][\/vc_row][vc_row css=&#8221;.vc_custom_1459427195822{margin-bottom: 0px !important;border-right-width: 15px !important;border-left-width: 15px !important;padding-top: 30px !important;padding-right: 20px !important;padding-bottom: 20px !important;padding-left: 20px !important;border-left-color: #000000 !important;border-left-style: solid !important;border-right-color: #000000 !important;border-right-style: solid !important;}&#8221;][vc_column][vc_column_text]<\/p>\n<h1>Contact<\/h1>\n<p>[\/vc_column_text][\/vc_column][\/vc_row][vc_row css=&#8221;.vc_custom_1459427159566{margin-bottom: 0px !important;border-right-width: 15px !important;border-left-width: 15px !important;padding-top: 0px !important;padding-right: 20px !important;padding-bottom: 40px !important;padding-left: 20px !important;border-left-color: #000000 !important;border-left-style: solid !important;border-right-color: #000000 !important;border-right-style: solid !important;}&#8221;][vc_column width=&#8221;1\/3&#8243;][vc_column_text el_class=&#8221;home-contacte&#8221; css=&#8221;.vc_custom_1613037551854{margin-bottom: 20px !important;}&#8221;]Feel free to contact us with any questions:<\/p>\n<p>Control i Actualitzaci\u00f3 Territorial SLU<br \/>\nBisbe Campins, 12, 1\u00baC<br \/>\n07012 Palma<\/p>\n<p>Phone number: <a href=\"tel:+34971755945\">+34\u00a0971 755 945<\/a><br \/>\ne-mail: <a href=\"mailto:info@estudi-cat.com\">info@estudi-cat.com<\/a>[\/vc_column_text][\/vc_column][vc_column width=&#8221;2\/3&#8243;][vc_column_text]<\/p>\n\n<div class=\"wpcf7 no-js\" id=\"wpcf7-f4-o1\" lang=\"es-ES\" dir=\"ltr\">\n<div class=\"screen-reader-response\"><p role=\"status\" aria-live=\"polite\" aria-atomic=\"true\"><\/p> <ul><\/ul><\/div>\n<form action=\"\/en\/wp-json\/wp\/v2\/pages\/179#wpcf7-f4-o1\" method=\"post\" class=\"wpcf7-form init\" aria-label=\"Formulario de contacto\" novalidate=\"novalidate\" data-status=\"init\">\n<div style=\"display: none;\">\n<input type=\"hidden\" name=\"_wpcf7\" value=\"4\" \/>\n<input type=\"hidden\" name=\"_wpcf7_version\" value=\"5.8.6\" \/>\n<input type=\"hidden\" name=\"_wpcf7_locale\" value=\"es_ES\" \/>\n<input type=\"hidden\" name=\"_wpcf7_unit_tag\" value=\"wpcf7-f4-o1\" \/>\n<input type=\"hidden\" name=\"_wpcf7_container_post\" value=\"0\" \/>\n<input type=\"hidden\" name=\"_wpcf7_posted_data_hash\" value=\"\" \/>\n<input type=\"hidden\" name=\"_wpcf7_recaptcha_response\" value=\"\" \/>\n<\/div>\n<div class=\"form-half1\">\n\t<p><span class=\"wpcf7-form-control-wrap\" data-name=\"nom\"><input size=\"40\" class=\"wpcf7-form-control wpcf7-text wpcf7-validates-as-required\" aria-required=\"true\" aria-invalid=\"false\" placeholder=\"Nom\" value=\"\" type=\"text\" name=\"nom\" \/><\/span>\n\t<\/p>\n<\/div>\n<div class=\"form-half2\">\n\t<p><span class=\"wpcf7-form-control-wrap\" data-name=\"telf\"><input size=\"40\" class=\"wpcf7-form-control wpcf7-text wpcf7-validates-as-required\" aria-required=\"true\" aria-invalid=\"false\" placeholder=\"Tel\u00e8fon\" value=\"\" type=\"text\" name=\"telf\" \/><\/span>\n\t<\/p>\n<\/div>\n<p><br style=\"clear:both\" \/>\n<\/p>\n<div class=\"form-full\">\n\t<p><span class=\"wpcf7-form-control-wrap\" data-name=\"email\"><input size=\"40\" class=\"wpcf7-form-control wpcf7-email wpcf7-validates-as-required wpcf7-text wpcf7-validates-as-email\" aria-required=\"true\" aria-invalid=\"false\" placeholder=\"E-mail\" value=\"\" type=\"email\" name=\"email\" \/><\/span>\n\t<\/p>\n<\/div>\n<p><br style=\"clear:both\" \/>\n<\/p>\n<div class=\"form-full\">\n\t<p><span class=\"wpcf7-form-control-wrap\" data-name=\"missatge\"><textarea cols=\"40\" rows=\"10\" class=\"wpcf7-form-control wpcf7-textarea wpcf7-validates-as-required\" aria-required=\"true\" aria-invalid=\"false\" placeholder=\"\" name=\"missatge\"><\/textarea><\/span>\n\t<\/p>\n<\/div>\n\n<p><span class=\"wpcf7-form-control-wrap\" data-name=\"acceptance-176\"><span class=\"wpcf7-form-control wpcf7-acceptance optional\"><span class=\"wpcf7-list-item\"><label><input type=\"checkbox\" name=\"acceptance-176\" value=\"1\" aria-invalid=\"false\" \/><span class=\"wpcf7-list-item-label\"><a href=\"https:\/\/www.estudi-cat.com\/es\/politica-de-privacidad\/\" target=\"_blank\" >He llegit i accepto la Pol\u00edtica de Privacitat<\/a><\/span><\/label><\/span><\/span><\/span><br \/>\nPROTECCI\u00d3N DE DATOS:<br \/>\nDe conformidad con las normativas de protecci\u00f3n de datos le facilitamos la siguiente informaci\u00f3n del tratamiento:<br \/>\nResponsable: CONTROL I ACTUALITZACIO TERRITORIAL S.L., B57292856, Bisbe Campins 12, 1\u00ba, C, - 07012 Palma<br \/>\n(Illes Balears), direccio@estudi-cat.com<br \/>\nFines del tratamiento: mantener una relaci\u00f3n comercial y env\u00edo de comunicaciones de productos o servicios<br \/>\nLegitimaci\u00f3n: Obligaci\u00f3n legal del Responsable y consentimiento del interesado cuando proceda.<br \/>\nDestinatarios de cesiones: Administraciones p\u00fablicas competentes para el cumplimiento de obligaciones legales.<br \/>\nDerechos que le asisten: acceso, rectificaci\u00f3n, portabilidad, supresi\u00f3n, limitaci\u00f3n y oposici\u00f3n<br \/>\nM\u00e1s informaci\u00f3n del tratamiento: estudi-cat.com<br \/>\n<input class=\"wpcf7-form-control wpcf7-submit has-spinner submit-button\" type=\"submit\" value=\"ENVIAR\" \/>\n<\/p><div class=\"wpcf7-response-output\" aria-hidden=\"true\"><\/div>\n<\/form>\n<\/div>\n\n<p>[\/vc_column_text][\/vc_column][\/vc_row]<\/p>\n<\/div>","protected":false},"excerpt":{"rendered":"<p>[vc_row css=&#8221;.vc_custom_1459427140749{margin-bottom: 0px !important;border-right-width: 15px !important;border-left-width: 15px !important;padding-top: 40px !important;padding-right: 20px !important;padding-bottom: 10px !important;padding-left: 20px !important;border-left-color: #000000 !important;border-left-style: solid !important;border-right-color: #000000 !important;border-right-style: solid !important;}&#8221;][vc_column][rev_slider_vc alias=&#8221;home&#8221;][\/vc_column][\/vc_row][vc_row css=&#8221;.vc_custom_1459427195822{margin-bottom: 0px !important;border-right-width: 15px !important;border-left-width: 15px !important;padding-top: 30px !important;padding-right: 20px !important;padding-bottom: 20px !important;padding-left: 20px !important;border-left-color: #000000 !important;border-left-style: solid !important;border-right-color: #000000 !important;border-right-style: solid !important;}&#8221;][vc_column][vc_column_text] Estudi CAT [\/vc_column_text][\/vc_column][\/vc_row][vc_row css=&#8221;.vc_custom_1459427159566{margin-bottom: 0px !important;border-right-width: 15px !important;border-left-width: 15px !important;padding-top: 0px !important;padding-right: 20px !important;padding-bottom: 40px !important;padding-left: 20px !important;border-left-color: #000000 !important;border-left-style: solid !important;border-right-color: [&hellip;]<\/p>\n","protected":false},"author":1,"featured_media":0,"parent":0,"menu_order":0,"comment_status":"closed","ping_status":"closed","template":"","meta":{"footnotes":""},"_links":{"self":[{"href":"https:\/\/www.estudi-cat.com\/en\/wp-json\/wp\/v2\/pages\/179"}],"collection":[{"href":"https:\/\/www.estudi-cat.com\/en\/wp-json\/wp\/v2\/pages"}],"about":[{"href":"https:\/\/www.estudi-cat.com\/en\/wp-json\/wp\/v2\/types\/page"}],"author":[{"embeddable":true,"href":"https:\/\/www.estudi-cat.com\/en\/wp-json\/wp\/v2\/users\/1"}],"replies":[{"embeddable":true,"href":"https:\/\/www.estudi-cat.com\/en\/wp-json\/wp\/v2\/comments?post=179"}],"version-history":[{"count":4,"href":"https:\/\/www.estudi-cat.com\/en\/wp-json\/wp\/v2\/pages\/179\/revisions"}],"predecessor-version":[{"id":1048,"href":"https:\/\/www.estudi-cat.com\/en\/wp-json\/wp\/v2\/pages\/179\/revisions\/1048"}],"wp:attachment":[{"href":"https:\/\/www.estudi-cat.com\/en\/wp-json\/wp\/v2\/media?parent=179"}],"curies":[{"name":"wp","href":"https:\/\/api.w.org\/{rel}","templated":true}]}}