{"id":297,"date":"2016-03-31T14:36:36","date_gmt":"2016-03-31T14:36:36","guid":{"rendered":"http:\/\/www.estudi-cat.com\/de\/qui-som\/"},"modified":"2020-10-21T06:56:44","modified_gmt":"2020-10-21T06:56:44","slug":"qui-som","status":"publish","type":"page","link":"https:\/\/www.estudi-cat.com\/de\/qui-som\/","title":{"rendered":"Wer win sind"},"content":{"rendered":"<div class=\"wpb-content-wrapper\"><p>[vc_row content_width=&#8220;container&#8220; video_autoplay=&#8220;true&#8220; video_controls=&#8220;true&#8220; video_mute=&#8220;true&#8220; css=&#8220;.vc_custom_1459427140749{margin-bottom: 0px !important;border-right-width: 15px !important;border-left-width: 15px !important;padding-top: 40px !important;padding-right: 20px !important;padding-bottom: 10px !important;padding-left: 20px !important;border-left-color: #000000 !important;border-left-style: solid !important;border-right-color: #000000 !important;border-right-style: solid !important;}&#8220;][vc_column width=&#8220;1\/1&#8243;][vc_column_text]<img loading=\"lazy\" decoding=\"async\" class=\"aligncenter size-fullwidth-landscape wp-image-469\" src=\"http:\/\/www.estudi-cat.com\/wp-content\/uploads\/2018\/05\/GRUPAL-COLOR-800x500.jpg\" alt=\"\" width=\"800\" height=\"500\" \/>[\/vc_column_text][\/vc_column][\/vc_row][vc_row content_width=&#8220;container&#8220; video_autoplay=&#8220;true&#8220; video_controls=&#8220;true&#8220; video_mute=&#8220;true&#8220; css=&#8220;.vc_custom_1459427140749{margin-bottom: 0px !important;border-right-width: 15px !important;border-left-width: 15px !important;padding-top: 40px !important;padding-right: 20px !important;padding-bottom: 10px !important;padding-left: 20px !important;border-left-color: #000000 !important;border-left-style: solid !important;border-right-color: #000000 !important;border-right-style: solid !important;}&#8220;][vc_column width=&#8220;1\/1&#8243;][vc_column_text]<\/p>\n<h1>Wer win sind<\/h1>\n<p>[\/vc_column_text][\/vc_column][\/vc_row][vc_row content_width=&#8220;container&#8220; video_autoplay=&#8220;true&#8220; video_controls=&#8220;true&#8220; video_mute=&#8220;true&#8220; css=&#8220;.vc_custom_1459427159566{margin-bottom: 0px !important;border-right-width: 15px !important;border-left-width: 15px !important;padding-top: 0px !important;padding-right: 20px !important;padding-bottom: 40px !important;padding-left: 20px !important;border-left-color: #000000 !important;border-left-style: solid !important;border-right-color: #000000 !important;border-right-style: solid !important;}&#8220;][vc_column width=&#8220;1\/2&#8243;][vc_column_text el_class=&#8220;txt-home&#8220; css=&#8220;.vc_custom_1495438486090{margin-bottom: 20px !important;}&#8220;]<\/p>\n<p>Ich Control i Actualitzaci\u00f3 Territorial besteht aus einer festen Gruppe von Fachleuten und eine Vielzahl d ecolaboradores, die in Feldern Teil der verschiedenen Forschungsprojekte des Gebiets sind als Land variiert, Umweltvertr\u00e4glichkeitspr\u00fcfungen, Gutachten von Immobilien, etc.<\/p>\n<p>[\/vc_column_text][\/vc_column][vc_column width=&#8220;1\/2&#8243;][vc_column_text el_class=&#8220;txt-home&#8220;]<\/p>\n<p>Unter anderem in CAT sind Geographen, Vermesser, Architekten, Zeichner und Agraringenieure. Basiert auf kooperative Arbeit und F\u00fchrung f\u00fcr Serviceprozesse Struktur erm\u00f6glicht es uns, eine schnelle, flexible und wirksame Reaktion auf verschiedene Projekte zu \u00fcbernehmen .<\/p>\n<p>[\/vc_column_text][\/vc_column][\/vc_row][vc_row content_width=&#8220;container&#8220; video_autoplay=&#8220;true&#8220; video_controls=&#8220;true&#8220; video_mute=&#8220;true&#8220; css=&#8220;.vc_custom_1459430488305{margin-bottom: 0px !important;border-right-width: 15px !important;border-left-width: 15px !important;padding-top: 0px !important;padding-right: 20px !important;padding-bottom: 20px !important;padding-left: 20px !important;border-left-color: #000000 !important;border-left-style: solid !important;border-right-color: #000000 !important;border-right-style: solid !important;}&#8220;][vc_column width=&#8220;1\/4&#8243;][vc_column_text el_class=&#8220;item-equipo&#8220; css=&#8220;.vc_custom_1525788729228{margin-bottom: 30px !important;}&#8220;]<img loading=\"lazy\" decoding=\"async\" class=\"alignnone size-medium wp-image-460\" src=\"http:\/\/www.estudi-cat.com\/wp-content\/uploads\/2018\/05\/Miquel-BN-225x300.jpg\" alt=\"\" width=\"225\" height=\"300\" srcset=\"https:\/\/www.estudi-cat.com\/wp-content\/uploads\/2018\/05\/Miquel-BN-225x300.jpg 225w, https:\/\/www.estudi-cat.com\/wp-content\/uploads\/2018\/05\/Miquel-BN-768x1024.jpg 768w, https:\/\/www.estudi-cat.com\/wp-content\/uploads\/2018\/05\/Miquel-BN-450x600.jpg 450w, https:\/\/www.estudi-cat.com\/wp-content\/uploads\/2018\/05\/Miquel-BN.jpg 800w\" sizes=\"(max-width: 225px) 100vw, 225px\" \/>[\/vc_column_text][vc_column_text el_class=&#8220;item-equipo&#8220; css=&#8220;.vc_custom_1603263396781{margin-bottom: 30px !important;}&#8220;]<\/p>\n<h3>Miquel Cerd\u00e0 Albert\u00ed<\/h3>\n<h4>DIREKTOR<\/h4>\n<h5>Agraringenieur<\/h5>\n<p>[\/vc_column_text][\/vc_column][vc_column width=&#8220;1\/4&#8243;][vc_column_text el_class=&#8220;item-equipo&#8220; css=&#8220;.vc_custom_1525788743111{margin-bottom: 30px !important;}&#8220;]<img loading=\"lazy\" decoding=\"async\" class=\"alignnone size-medium wp-image-459\" src=\"http:\/\/www.estudi-cat.com\/wp-content\/uploads\/2018\/05\/Marga-BN-225x300.jpg\" alt=\"\" width=\"225\" height=\"300\" srcset=\"https:\/\/www.estudi-cat.com\/wp-content\/uploads\/2018\/05\/Marga-BN-225x300.jpg 225w, https:\/\/www.estudi-cat.com\/wp-content\/uploads\/2018\/05\/Marga-BN-768x1024.jpg 768w, https:\/\/www.estudi-cat.com\/wp-content\/uploads\/2018\/05\/Marga-BN-450x600.jpg 450w, https:\/\/www.estudi-cat.com\/wp-content\/uploads\/2018\/05\/Marga-BN.jpg 800w\" sizes=\"(max-width: 225px) 100vw, 225px\" \/>[\/vc_column_text][vc_column_text el_class=&#8220;item-equipo&#8220; css=&#8220;.vc_custom_1495438726280{margin-bottom: 30px !important;}&#8220;]<\/p>\n<h3>Margalida Canet Oliver<\/h3>\n<h4>CO-DIREKTOR<\/h4>\n<h5>Architekt<\/h5>\n<p>[\/vc_column_text][\/vc_column][vc_column width=&#8220;1\/4&#8243;][vc_column_text el_class=&#8220;item-equipo&#8220; css=&#8220;.vc_custom_1495438882119{margin-bottom: 30px !important;}&#8220;]<\/p>\n<h5><\/h5>\n<p>[\/vc_column_text][\/vc_column][vc_column width=&#8220;1\/4&#8243;][vc_column_text]<br \/>\n[\/vc_column_text][\/vc_column][\/vc_row][vc_row content_width=&#8220;container&#8220; video_autoplay=&#8220;true&#8220; video_controls=&#8220;true&#8220; video_mute=&#8220;true&#8220; css=&#8220;.vc_custom_1459430488305{margin-bottom: 0px !important;border-right-width: 15px !important;border-left-width: 15px !important;padding-top: 0px !important;padding-right: 20px !important;padding-bottom: 20px !important;padding-left: 20px !important;border-left-color: #000000 !important;border-left-style: solid !important;border-right-color: #000000 !important;border-right-style: solid !important;}&#8220;][vc_column width=&#8220;1\/4&#8243;][vc_column_text el_class=&#8220;item-equipo&#8220; css=&#8220;.vc_custom_1525788758642{margin-bottom: 30px !important;}&#8220;]<\/p>\n<h5><img loading=\"lazy\" decoding=\"async\" class=\"alignnone size-medium wp-image-461\" src=\"http:\/\/www.estudi-cat.com\/wp-content\/uploads\/2018\/05\/Victor-BN2-225x300.jpg\" alt=\"\" width=\"225\" height=\"300\" srcset=\"https:\/\/www.estudi-cat.com\/wp-content\/uploads\/2018\/05\/Victor-BN2-225x300.jpg 225w, https:\/\/www.estudi-cat.com\/wp-content\/uploads\/2018\/05\/Victor-BN2-768x1024.jpg 768w, https:\/\/www.estudi-cat.com\/wp-content\/uploads\/2018\/05\/Victor-BN2-450x600.jpg 450w, https:\/\/www.estudi-cat.com\/wp-content\/uploads\/2018\/05\/Victor-BN2.jpg 800w\" sizes=\"(max-width: 225px) 100vw, 225px\" \/><\/h5>\n<h5><\/h5>\n<p>[\/vc_column_text][vc_column_text el_class=&#8220;item-equipo&#8220; css=&#8220;.vc_custom_1495438972358{margin-bottom: 30px !important;}&#8220;]<\/p>\n<h3>Victor Vidal Gil<\/h3>\n<h4>TECHNIKER<\/h4>\n<h5>Bautechniker<\/h5>\n<h5><\/h5>\n<p>[\/vc_column_text][\/vc_column][vc_column width=&#8220;1\/4&#8243;][vc_column_text el_class=&#8220;item-equipo&#8220; css=&#8220;.vc_custom_1525788776188{margin-bottom: 30px !important;}&#8220;]<img loading=\"lazy\" decoding=\"async\" class=\"alignnone size-medium wp-image-456\" src=\"http:\/\/www.estudi-cat.com\/wp-content\/uploads\/2018\/05\/Dako-BN-225x300.jpg\" alt=\"\" width=\"225\" height=\"300\" srcset=\"https:\/\/www.estudi-cat.com\/wp-content\/uploads\/2018\/05\/Dako-BN-225x300.jpg 225w, https:\/\/www.estudi-cat.com\/wp-content\/uploads\/2018\/05\/Dako-BN-768x1024.jpg 768w, https:\/\/www.estudi-cat.com\/wp-content\/uploads\/2018\/05\/Dako-BN-450x600.jpg 450w, https:\/\/www.estudi-cat.com\/wp-content\/uploads\/2018\/05\/Dako-BN.jpg 800w\" sizes=\"(max-width: 225px) 100vw, 225px\" \/>[\/vc_column_text][vc_column_text el_class=&#8220;item-equipo&#8220; css=&#8220;.vc_custom_1495438986999{margin-bottom: 30px !important;}&#8220;]<\/p>\n<h3>Dakota M\u00e1rquez Perell\u00f3<\/h3>\n<h4>TECHNIKER<\/h4>\n<h5>Agraringenieur<\/h5>\n<p>[\/vc_column_text][\/vc_column][vc_column width=&#8220;1\/4&#8243;][vc_column_text el_class=&#8220;item-equipo&#8220; css=&#8220;.vc_custom_1525788810081{margin-bottom: 30px !important;}&#8220;]<img loading=\"lazy\" decoding=\"async\" class=\"alignnone size-medium wp-image-455\" src=\"http:\/\/www.estudi-cat.com\/wp-content\/uploads\/2018\/05\/Cati-BN-225x300.jpg\" alt=\"\" width=\"225\" height=\"300\" srcset=\"https:\/\/www.estudi-cat.com\/wp-content\/uploads\/2018\/05\/Cati-BN-225x300.jpg 225w, https:\/\/www.estudi-cat.com\/wp-content\/uploads\/2018\/05\/Cati-BN-768x1024.jpg 768w, https:\/\/www.estudi-cat.com\/wp-content\/uploads\/2018\/05\/Cati-BN-450x600.jpg 450w, https:\/\/www.estudi-cat.com\/wp-content\/uploads\/2018\/05\/Cati-BN.jpg 800w\" sizes=\"(max-width: 225px) 100vw, 225px\" \/>[\/vc_column_text][vc_column_text el_class=&#8220;item-equipo&#8220; css=&#8220;.vc_custom_1525945047823{margin-bottom: 30px !important;}&#8220;]<\/p>\n<h3>Catalina Riutort Costa<\/h3>\n<h4>TECHNIKER<\/h4>\n<h5>Techniker in Urbanistik und Topographie<br \/>\nInnenarchitekt<\/h5>\n<p>[\/vc_column_text][\/vc_column][vc_column width=&#8220;1\/4&#8243;][vc_column_text el_class=&#8220;item-equipo&#8220; css=&#8220;.vc_custom_1588674840728{margin-bottom: 30px !important;}&#8220;]<img loading=\"lazy\" decoding=\"async\" class=\"aligncenter wp-image-549 size-medium\" src=\"http:\/\/www.estudi-cat.com\/wp-content\/uploads\/2020\/05\/FOTO-NEUS-175x300.jpeg\" alt=\"\" width=\"175\" height=\"300\" srcset=\"https:\/\/www.estudi-cat.com\/wp-content\/uploads\/2020\/05\/FOTO-NEUS-175x300.jpeg 175w, https:\/\/www.estudi-cat.com\/wp-content\/uploads\/2020\/05\/FOTO-NEUS.jpeg 596w, https:\/\/www.estudi-cat.com\/wp-content\/uploads\/2020\/05\/FOTO-NEUS-450x773.jpeg 450w\" sizes=\"(max-width: 175px) 100vw, 175px\" \/>[\/vc_column_text][vc_column_text el_class=&#8220;item-equipo&#8220; css=&#8220;.vc_custom_1554905499318{margin-bottom: 30px !important;}&#8220;]<\/p>\n<h3>Neus Marqu\u00e9s Bordoy<\/h3>\n<h4>TECHNIKER<\/h4>\n<h5>Bautechniker<\/h5>\n<p>[\/vc_column_text][\/vc_column][\/vc_row][vc_row content_width=&#8220;container&#8220; video_autoplay=&#8220;true&#8220; video_controls=&#8220;true&#8220; video_mute=&#8220;true&#8220; css=&#8220;.vc_custom_1459430488305{margin-bottom: 0px !important;border-right-width: 15px !important;border-left-width: 15px !important;padding-top: 0px !important;padding-right: 20px !important;padding-bottom: 20px !important;padding-left: 20px !important;border-left-color: #000000 !important;border-left-style: solid !important;border-right-color: #000000 !important;border-right-style: solid !important;}&#8220;][vc_column width=&#8220;1\/4&#8243;][vc_column_text el_class=&#8220;item-equipo&#8220; css=&#8220;.vc_custom_1495439067079{margin-bottom: 30px !important;}&#8220;]<\/p>\n<h5><\/h5>\n<p>[\/vc_column_text][\/vc_column][vc_column width=&#8220;1\/4&#8243;][vc_column_text]<br \/>\n[\/vc_column_text][\/vc_column][vc_column width=&#8220;1\/4&#8243;][vc_column_text]<br \/>\n[\/vc_column_text][\/vc_column][\/vc_row][vc_row content_width=&#8220;container&#8220; video_autoplay=&#8220;true&#8220; video_controls=&#8220;true&#8220; video_mute=&#8220;true&#8220; css=&#8220;.vc_custom_1466152263390{margin-bottom: 0px !important;border-right-width: 15px !important;border-left-width: 15px !important;padding-top: 0px !important;padding-right: 0px !important;padding-bottom: 20px !important;padding-left: 0px !important;border-left-color: #000000 !important;border-left-style: solid !important;border-right-color: #000000 !important;border-right-style: solid !important;}&#8220;][vc_column width=&#8220;1\/1&#8243;][vc_row_inner css=&#8220;.vc_custom_1464346201434{margin-right: 0px !important;margin-left: 0px !important;padding-right: 0px !important;padding-left: 0px !important;}&#8220;][vc_column_inner width=&#8220;1\/1&#8243;][vc_column_text]<\/p>\n<p>[\/vc_column_text][\/vc_column_inner][vc_column_inner width=&#8220;1\/4&#8243;][vc_column_text el_class=&#8220;auxiliars&#8220;]<br \/>\n[\/vc_column_text][\/vc_column_inner][vc_column_inner width=&#8220;1\/4&#8243;][vc_column_text el_class=&#8220;auxiliars&#8220;]<br \/>\n[\/vc_column_text][\/vc_column_inner][vc_column_inner width=&#8220;1\/4&#8243;][vc_column_text el_class=&#8220;auxiliars&#8220;]<br \/>\n[\/vc_column_text][\/vc_column_inner][\/vc_row_inner][\/vc_column][\/vc_row][vc_row content_width=&#8220;container&#8220; video_autoplay=&#8220;true&#8220; video_controls=&#8220;true&#8220; video_mute=&#8220;true&#8220; css=&#8220;.vc_custom_1459430488305{margin-bottom: 0px !important;border-right-width: 15px !important;border-left-width: 15px !important;padding-top: 0px !important;padding-right: 20px !important;padding-bottom: 20px !important;padding-left: 20px !important;border-left-color: #000000 !important;border-left-style: solid !important;border-right-color: #000000 !important;border-right-style: solid !important;}&#8220;][vc_column width=&#8220;1\/1&#8243;][vc_column_text]<\/p>\n<h1>Dienstleistungen<\/h1>\n<p>[\/vc_column_text][\/vc_column][\/vc_row][vc_row content_width=&#8220;container&#8220; video_autoplay=&#8220;true&#8220; video_controls=&#8220;true&#8220; video_mute=&#8220;true&#8220; css=&#8220;.vc_custom_1459427195822{margin-bottom: 0px !important;border-right-width: 15px !important;border-left-width: 15px !important;padding-top: 30px !important;padding-right: 20px !important;padding-bottom: 20px !important;padding-left: 20px !important;border-left-color: #000000 !important;border-left-style: solid !important;border-right-color: #000000 !important;border-right-style: solid !important;}&#8220;][vc_column width=&#8220;1\/4&#8243; css=&#8220;.vc_custom_1459430436775{margin-bottom: 20px !important;}&#8220;][vc_column_text el_class=&#8220;servei-home&#8220;]<\/p>\n<p><a href=\"http:\/\/www.estudi-cat.com\/serveis\/arquitectura\/\">ARQ<\/a><\/p>\n<p>[\/vc_column_text][vc_column_text el_class=&#8220;serveis-list&#8220;]\u2013 Architekturprojekte<\/p>\n<p>\u2013 Beglaubigungen<\/p>\n<p>\u2013 Messungen<\/p>\n<p>\u2013\u00a0Alte Zertifikate<\/p>\n<p>\u2013 IEE, Zertifikate der Belegung[\/vc_column_text][\/vc_column][vc_column width=&#8220;1\/4&#8243; css=&#8220;.vc_custom_1459430443053{margin-bottom: 20px !important;}&#8220;][vc_column_text el_class=&#8220;servei-home&#8220;]<\/p>\n<p><a href=\"http:\/\/www.estudi-cat.com\/serveis\/ing\/\">ING<\/a><\/p>\n<p>[\/vc_column_text][vc_column_text el_class=&#8220;serveis-list&#8220;]\u2013 Engineering Projekte<\/p>\n<p>\u2013 Topographie<\/p>\n<p>\u2013 Business Lizenzen<\/p>\n<p>\u2013 Energie Zertifizierungen[\/vc_column_text][\/vc_column][vc_column width=&#8220;1\/4&#8243; css=&#8220;.vc_custom_1459430447933{margin-bottom: 20px !important;}&#8220;][vc_column_text el_class=&#8220;servei-home&#8220;]<\/p>\n<p><a href=\"http:\/\/www.estudi-cat.com\/serveis\/gex\/\">GEX<\/a><\/p>\n<p>[\/vc_column_text][vc_column_text el_class=&#8220;serveis-list&#8220;]\u2013 Kataster Records Management<\/p>\n<p>\u2013 Amtshilfe<\/p>\n<p>\u2013 Wertbestimmung \/ Die Bewertung der st\u00e4dtischen und l\u00e4ndlichen Immobilien[\/vc_column_text][\/vc_column][vc_column width=&#8220;1\/4&#8243; css=&#8220;.vc_custom_1459430454269{margin-bottom: 20px !important;}&#8220;][vc_column_text el_class=&#8220;servei-home&#8220;]<\/p>\n<p><a href=\"http:\/\/www.estudi-cat.com\/serveis\/geo\/\">GEO<\/a><\/p>\n<p>[\/vc_column_text][vc_column_text el_class=&#8220;serveis-list&#8220;]\u2013 Studien Gebiet<\/p>\n<p>\u2013 Umweltvertr\u00e4glichkeitsstudien<\/p>\n<p>\u2013 SIG<\/p>\n<p>\u2013 Geomarketing<\/p>\n<p>\u2013 GML Dateien[\/vc_column_text][\/vc_column][\/vc_row]<\/p>\n<\/div>","protected":false},"excerpt":{"rendered":"<p>[vc_row content_width=&#8220;container&#8220; video_autoplay=&#8220;true&#8220; video_controls=&#8220;true&#8220; video_mute=&#8220;true&#8220; css=&#8220;.vc_custom_1459427140749{margin-bottom: 0px !important;border-right-width: 15px !important;border-left-width: 15px !important;padding-top: 40px !important;padding-right: 20px !important;padding-bottom: 10px !important;padding-left: 20px !important;border-left-color: #000000 !important;border-left-style: solid !important;border-right-color: #000000 !important;border-right-style: solid !important;}&#8220;][vc_column width=&#8220;1\/1&#8243;][vc_column_text][\/vc_column_text][\/vc_column][\/vc_row][vc_row content_width=&#8220;container&#8220; video_autoplay=&#8220;true&#8220; video_controls=&#8220;true&#8220; video_mute=&#8220;true&#8220; css=&#8220;.vc_custom_1459427140749{margin-bottom: 0px !important;border-right-width: 15px !important;border-left-width: 15px !important;padding-top: 40px !important;padding-right: 20px !important;padding-bottom: 10px !important;padding-left: 20px !important;border-left-color: #000000 !important;border-left-style: solid !important;border-right-color: #000000 !important;border-right-style: solid !important;}&#8220;][vc_column width=&#8220;1\/1&#8243;][vc_column_text] Wer win sind [\/vc_column_text][\/vc_column][\/vc_row][vc_row content_width=&#8220;container&#8220; video_autoplay=&#8220;true&#8220; video_controls=&#8220;true&#8220; video_mute=&#8220;true&#8220; css=&#8220;.vc_custom_1459427159566{margin-bottom: 0px !important;border-right-width: 15px !important;border-left-width: [&hellip;]<\/p>\n","protected":false},"author":1,"featured_media":0,"parent":0,"menu_order":0,"comment_status":"closed","ping_status":"closed","template":"","meta":{"footnotes":""},"_links":{"self":[{"href":"https:\/\/www.estudi-cat.com\/de\/wp-json\/wp\/v2\/pages\/297"}],"collection":[{"href":"https:\/\/www.estudi-cat.com\/de\/wp-json\/wp\/v2\/pages"}],"about":[{"href":"https:\/\/www.estudi-cat.com\/de\/wp-json\/wp\/v2\/types\/page"}],"author":[{"embeddable":true,"href":"https:\/\/www.estudi-cat.com\/de\/wp-json\/wp\/v2\/users\/1"}],"replies":[{"embeddable":true,"href":"https:\/\/www.estudi-cat.com\/de\/wp-json\/wp\/v2\/comments?post=297"}],"version-history":[{"count":12,"href":"https:\/\/www.estudi-cat.com\/de\/wp-json\/wp\/v2\/pages\/297\/revisions"}],"predecessor-version":[{"id":997,"href":"https:\/\/www.estudi-cat.com\/de\/wp-json\/wp\/v2\/pages\/297\/revisions\/997"}],"wp:attachment":[{"href":"https:\/\/www.estudi-cat.com\/de\/wp-json\/wp\/v2\/media?parent=297"}],"curies":[{"name":"wp","href":"https:\/\/api.w.org\/{rel}","templated":true}]}}