{"id":244,"date":"2016-04-07T09:28:31","date_gmt":"2016-04-07T09:28:31","guid":{"rendered":"http:\/\/www.estudi-cat.com\/de\/serveis\/ing\/"},"modified":"2017-05-12T11:14:24","modified_gmt":"2017-05-12T11:14:24","slug":"ing","status":"publish","type":"page","link":"https:\/\/www.estudi-cat.com\/de\/serveis\/ing\/","title":{"rendered":"ING"},"content":{"rendered":"<div class=\"wpb-content-wrapper\"><p>[vc_row content_width=&#8220;container&#8220; video_autoplay=&#8220;true&#8220; video_controls=&#8220;true&#8220; video_mute=&#8220;true&#8220; css=&#8220;.vc_custom_1459427140749{margin-bottom: 0px !important;border-right-width: 15px !important;border-left-width: 15px !important;padding-top: 40px !important;padding-right: 20px !important;padding-bottom: 10px !important;padding-left: 20px !important;border-left-color: #000000 !important;border-left-style: solid !important;border-right-color: #000000 !important;border-right-style: solid !important;}&#8220;][vc_column width=&#8220;1\/1&#8243;][vc_column_text]<\/p>\n<h1>Dienstleistungen<\/h1>\n<p>[\/vc_column_text][\/vc_column][\/vc_row][vc_row content_width=&#8220;container&#8220; video_autoplay=&#8220;true&#8220; video_controls=&#8220;true&#8220; video_mute=&#8220;true&#8220; css=&#8220;.vc_custom_1459436568634{margin-bottom: 0px !important;border-right-width: 15px !important;border-left-width: 15px !important;padding-top: 30px !important;padding-right: 20px !important;padding-bottom: 70px !important;padding-left: 20px !important;border-left-color: #000000 !important;border-left-style: solid !important;border-right-color: #000000 !important;border-right-style: solid !important;}&#8220;][vc_column width=&#8220;1\/2&#8243; css=&#8220;.vc_custom_1459430436775{margin-bottom: 20px !important;}&#8220;][vc_column_text el_class=&#8220;servei-title&#8220; css=&#8220;.vc_custom_1460021299857{margin-bottom: 0px !important;}&#8220;]<\/p>\n<p>ING<\/p>\n<p>[\/vc_column_text][vc_column_text el_class=&#8220;txt-servei&#8220; css=&#8220;.vc_custom_1494587259883{margin-top: 0px !important;}&#8220;]<\/p>\n<p class=\"p1\">Ingenieurleistungen sind in zwei Bl\u00f6cke unterteilt: zu der l\u00e4ndlichen Welt und verschiedene technische Dienstleistungen im Zusammenhang mit.<\/p>\n<p class=\"p1\">In Estudi CAT geplanten Betriebe aus der Produktion, sowohl tierische und pflanzliche, Wasserbedarf , wir beurteilen die Auswirkungen auf die Umwelt, die Gr\u00f6\u00dfe, den Park von Maschinen und Projekt Schiffe und landwirtschaftliche Anlagen nach den Bed\u00fcrfnissen der Ausbeutung.<\/p>\n<p class=\"p1\">Unter den anderen Engineering-Dienstleistungen bieten wir die Bearbeitung von Aktivit\u00e4ts Lizenzen.<\/p>\n<p>[\/vc_column_text][\/vc_column][vc_column width=&#8220;1\/2&#8243; css=&#8220;.vc_custom_1459430443053{margin-bottom: 20px !important;}&#8220;][vc_single_image image=&#8220;57&#8243; border_color=&#8220;grey&#8220; img_link_large=&#8220;&#8220; img_link_target=&#8220;_self&#8220; img_size=&#8220;full&#8220;][vc_column_text el_class=&#8220;serveis-list&#8220;]Ingenieurleistungen:<\/p>\n<ul>\n<li>Die Landwirtschaftstechnik Projekte: Geb\u00e4ude, Bew\u00e4sserungssysteme , Bepflanzung etc.<\/li>\n<li>Farm-Register.<\/li>\n<li>Dimensionierung Maschinen.<\/li>\n<li>Topographie: georeferenzierte flache Stellpl\u00e4tze, GML-Dataien, etc.<\/li>\n<\/ul>\n<p>&nbsp;<\/p>\n<p>Wir haben auch eine Service-Topographie, die alle Abteilungen des Unternehmens unterst\u00fctzt und sowohl genaue Messungen und Georeferenzierung.[\/vc_column_text][\/vc_column][\/vc_row]<\/p>\n<\/div>","protected":false},"excerpt":{"rendered":"<p>[vc_row content_width=&#8220;container&#8220; video_autoplay=&#8220;true&#8220; video_controls=&#8220;true&#8220; video_mute=&#8220;true&#8220; css=&#8220;.vc_custom_1459427140749{margin-bottom: 0px !important;border-right-width: 15px !important;border-left-width: 15px !important;padding-top: 40px !important;padding-right: 20px !important;padding-bottom: 10px !important;padding-left: 20px !important;border-left-color: #000000 !important;border-left-style: solid !important;border-right-color: #000000 !important;border-right-style: solid !important;}&#8220;][vc_column width=&#8220;1\/1&#8243;][vc_column_text] Dienstleistungen [\/vc_column_text][\/vc_column][\/vc_row][vc_row content_width=&#8220;container&#8220; video_autoplay=&#8220;true&#8220; video_controls=&#8220;true&#8220; video_mute=&#8220;true&#8220; css=&#8220;.vc_custom_1459436568634{margin-bottom: 0px !important;border-right-width: 15px !important;border-left-width: 15px !important;padding-top: 30px !important;padding-right: 20px !important;padding-bottom: 70px !important;padding-left: 20px !important;border-left-color: #000000 !important;border-left-style: solid !important;border-right-color: #000000 !important;border-right-style: solid !important;}&#8220;][vc_column width=&#8220;1\/2&#8243; css=&#8220;.vc_custom_1459430436775{margin-bottom: 20px !important;}&#8220;][vc_column_text el_class=&#8220;servei-title&#8220; css=&#8220;.vc_custom_1460021299857{margin-bottom: 0px !important;}&#8220;] ING [\/vc_column_text][vc_column_text el_class=&#8220;txt-servei&#8220; css=&#8220;.vc_custom_1494587259883{margin-top: [&hellip;]<\/p>\n","protected":false},"author":1,"featured_media":0,"parent":220,"menu_order":0,"comment_status":"closed","ping_status":"closed","template":"","meta":{"footnotes":""},"_links":{"self":[{"href":"https:\/\/www.estudi-cat.com\/de\/wp-json\/wp\/v2\/pages\/244"}],"collection":[{"href":"https:\/\/www.estudi-cat.com\/de\/wp-json\/wp\/v2\/pages"}],"about":[{"href":"https:\/\/www.estudi-cat.com\/de\/wp-json\/wp\/v2\/types\/page"}],"author":[{"embeddable":true,"href":"https:\/\/www.estudi-cat.com\/de\/wp-json\/wp\/v2\/users\/1"}],"replies":[{"embeddable":true,"href":"https:\/\/www.estudi-cat.com\/de\/wp-json\/wp\/v2\/comments?post=244"}],"version-history":[{"count":2,"href":"https:\/\/www.estudi-cat.com\/de\/wp-json\/wp\/v2\/pages\/244\/revisions"}],"predecessor-version":[{"id":361,"href":"https:\/\/www.estudi-cat.com\/de\/wp-json\/wp\/v2\/pages\/244\/revisions\/361"}],"up":[{"embeddable":true,"href":"https:\/\/www.estudi-cat.com\/de\/wp-json\/wp\/v2\/pages\/220"}],"wp:attachment":[{"href":"https:\/\/www.estudi-cat.com\/de\/wp-json\/wp\/v2\/media?parent=244"}],"curies":[{"name":"wp","href":"https:\/\/api.w.org\/{rel}","templated":true}]}}