{"id":239,"date":"2016-03-31T14:53:55","date_gmt":"2016-03-31T14:53:55","guid":{"rendered":"http:\/\/www.estudi-cat.com\/de\/serveis\/gex\/"},"modified":"2017-04-24T11:13:22","modified_gmt":"2017-04-24T11:13:22","slug":"gex","status":"publish","type":"page","link":"https:\/\/www.estudi-cat.com\/de\/serveis\/gex\/","title":{"rendered":"GEX"},"content":{"rendered":"<div class=\"wpb-content-wrapper\"><p>[vc_row content_width=&#8220;container&#8220; video_autoplay=&#8220;true&#8220; video_controls=&#8220;true&#8220; video_mute=&#8220;true&#8220; css=&#8220;.vc_custom_1459427140749{margin-bottom: 0px !important;border-right-width: 15px !important;border-left-width: 15px !important;padding-top: 40px !important;padding-right: 20px !important;padding-bottom: 10px !important;padding-left: 20px !important;border-left-color: #000000 !important;border-left-style: solid !important;border-right-color: #000000 !important;border-right-style: solid !important;}&#8220;][vc_column width=&#8220;1\/1&#8243;][vc_column_text]<\/p>\n<h1>Dienstleistungen<\/h1>\n<p>[\/vc_column_text][\/vc_column][\/vc_row][vc_row content_width=&#8220;container&#8220; video_autoplay=&#8220;true&#8220; video_controls=&#8220;true&#8220; video_mute=&#8220;true&#8220; css=&#8220;.vc_custom_1464345245823{margin-bottom: 0px !important;border-right-width: 15px !important;border-left-width: 15px !important;padding-top: 30px !important;padding-right: 20px !important;padding-bottom: 10px !important;padding-left: 20px !important;border-left-color: #000000 !important;border-left-style: solid !important;border-right-color: #000000 !important;border-right-style: solid !important;}&#8220;][vc_column width=&#8220;1\/2&#8243; css=&#8220;.vc_custom_1459430436775{margin-bottom: 20px !important;}&#8220;][vc_column_text el_class=&#8220;servei-title&#8220; css=&#8220;.vc_custom_1459436333905{margin-bottom: 0px !important;}&#8220;]<\/p>\n<p>GEX<\/p>\n<p>[\/vc_column_text][vc_column_text el_class=&#8220;txt-servei&#8220; css=&#8220;.vc_custom_1492597323722{margin-top: 0px !important;}&#8220;]<\/p>\n<p class=\"p1\">Wir bieten einen umfassenden Service technischer Ebene zu beantworten (Herstellung von Feldinformationen, Erstellung von Pl\u00e4nen, Alterung Berichte) und auf der\u00a0Managementebene ( Pr\u00e4sentation und \u00dcberwachung der Katasteraufzeichnungen, Steuern, urban).<\/p>\n<p class=\"p1\">Forschung Immobilien Lage erm\u00f6glicht es uns zu:<\/p>\n<p class=\"p1\">&#8211; \u00dcberpr\u00fcfung der Registry und Katasterdaten \u00fcber die Wirklichkeit.<\/p>\n<p class=\"p1\">&#8211; Die Standortfeld Eigenschaft, vor allem rustikal, durch das Studium der historischen Register und Kataster.<\/p>\n<p class=\"p1\">Die Bewertung Serviceangebot vor Bewertung und inmubles Werte f\u00fcr Steuererkl\u00e4rungen und Schriften, bekommen eine Steuerersparnis an den Kunden \u00fcberpr\u00fcft.<\/p>\n<p>[\/vc_column_text][\/vc_column][vc_column width=&#8220;1\/2&#8243; css=&#8220;.vc_custom_1459430443053{margin-bottom: 20px !important;}&#8220;][vc_single_image image=&#8220;57&#8243; border_color=&#8220;grey&#8220; img_link_large=&#8220;&#8220; img_link_target=&#8220;_self&#8220; img_size=&#8220;full&#8220;][vc_column_text el_class=&#8220;serveis-list&#8220;]Dies sind einige unserer Dienstleistungen Kataster:<\/p>\n<ul>\n<li>Felddatenerfassung<\/li>\n<li>Management und Behandlung von Katasterinformationen<\/li>\n<li>Kataster Bewertungen<\/li>\n<li>Analyse und Behandlung Aufzeichnungen Kataster<\/li>\n<li>Aktualisierung und Pflege von Kataster GIS<\/li>\n<li>Technische Hilfe<\/li>\n<li>Amtshilfe<\/li>\n<li>Inspektionen. Kassenbonausgabe.<\/li>\n<\/ul>\n<p>[\/vc_column_text][\/vc_column][\/vc_row][vc_row content_width=&#8220;container&#8220; video_autoplay=&#8220;true&#8220; video_controls=&#8220;true&#8220; video_mute=&#8220;true&#8220; css=&#8220;.vc_custom_1489136276108{margin-bottom: 0px !important;border-right-width: 15px !important;border-left-width: 15px !important;padding-top: 30px !important;padding-right: 20px !important;padding-bottom: 30px !important;padding-left: 20px !important;border-left-color: #000000 !important;border-left-style: solid !important;border-right-color: #000000 !important;border-right-style: solid !important;}&#8220;][vc_column width=&#8220;1\/1&#8243; css=&#8220;.vc_custom_1459430436775{margin-bottom: 20px !important;}&#8220;][vc_separator color=&#8220;black&#8220; align=&#8220;align_center&#8220;][vc_column_text css=&#8220;.vc_custom_1493032375563{padding-top: 30px !important;}&#8220;]<\/p>\n<h4>Neuere Arbeiten<\/h4>\n<p class=\"p1\"><strong>10-05-2016<\/strong> Studie f\u00fcr die Trennung von einer Farm in Porreres<\/p>\n<p class=\"p1\"><strong>28-04-2016<\/strong> vorgeschlagene \u00dcberarbeitung Bewertung ATIB und Pr\u00e4sentation von Anspr\u00fcchen ein Haus in Art\u00e0<\/p>\n<p>[\/vc_column_text][\/vc_column][\/vc_row]<\/p>\n<\/div>","protected":false},"excerpt":{"rendered":"<p>[vc_row content_width=&#8220;container&#8220; video_autoplay=&#8220;true&#8220; video_controls=&#8220;true&#8220; video_mute=&#8220;true&#8220; css=&#8220;.vc_custom_1459427140749{margin-bottom: 0px !important;border-right-width: 15px !important;border-left-width: 15px !important;padding-top: 40px !important;padding-right: 20px !important;padding-bottom: 10px !important;padding-left: 20px !important;border-left-color: #000000 !important;border-left-style: solid !important;border-right-color: #000000 !important;border-right-style: solid !important;}&#8220;][vc_column width=&#8220;1\/1&#8243;][vc_column_text] Dienstleistungen [\/vc_column_text][\/vc_column][\/vc_row][vc_row content_width=&#8220;container&#8220; video_autoplay=&#8220;true&#8220; video_controls=&#8220;true&#8220; video_mute=&#8220;true&#8220; css=&#8220;.vc_custom_1464345245823{margin-bottom: 0px !important;border-right-width: 15px !important;border-left-width: 15px !important;padding-top: 30px !important;padding-right: 20px !important;padding-bottom: 10px !important;padding-left: 20px !important;border-left-color: #000000 !important;border-left-style: solid !important;border-right-color: #000000 !important;border-right-style: solid !important;}&#8220;][vc_column width=&#8220;1\/2&#8243; css=&#8220;.vc_custom_1459430436775{margin-bottom: 20px !important;}&#8220;][vc_column_text el_class=&#8220;servei-title&#8220; css=&#8220;.vc_custom_1459436333905{margin-bottom: 0px !important;}&#8220;] GEX [\/vc_column_text][vc_column_text el_class=&#8220;txt-servei&#8220; css=&#8220;.vc_custom_1492597323722{margin-top: [&hellip;]<\/p>\n","protected":false},"author":1,"featured_media":0,"parent":220,"menu_order":0,"comment_status":"closed","ping_status":"closed","template":"","meta":{"footnotes":""},"_links":{"self":[{"href":"https:\/\/www.estudi-cat.com\/de\/wp-json\/wp\/v2\/pages\/239"}],"collection":[{"href":"https:\/\/www.estudi-cat.com\/de\/wp-json\/wp\/v2\/pages"}],"about":[{"href":"https:\/\/www.estudi-cat.com\/de\/wp-json\/wp\/v2\/types\/page"}],"author":[{"embeddable":true,"href":"https:\/\/www.estudi-cat.com\/de\/wp-json\/wp\/v2\/users\/1"}],"replies":[{"embeddable":true,"href":"https:\/\/www.estudi-cat.com\/de\/wp-json\/wp\/v2\/comments?post=239"}],"version-history":[{"count":3,"href":"https:\/\/www.estudi-cat.com\/de\/wp-json\/wp\/v2\/pages\/239\/revisions"}],"predecessor-version":[{"id":358,"href":"https:\/\/www.estudi-cat.com\/de\/wp-json\/wp\/v2\/pages\/239\/revisions\/358"}],"up":[{"embeddable":true,"href":"https:\/\/www.estudi-cat.com\/de\/wp-json\/wp\/v2\/pages\/220"}],"wp:attachment":[{"href":"https:\/\/www.estudi-cat.com\/de\/wp-json\/wp\/v2\/media?parent=239"}],"curies":[{"name":"wp","href":"https:\/\/api.w.org\/{rel}","templated":true}]}}