{"id":226,"date":"2016-04-07T09:29:03","date_gmt":"2016-04-07T09:29:03","guid":{"rendered":"http:\/\/www.estudi-cat.com\/de\/serveis\/arquitectura\/"},"modified":"2017-04-10T11:14:52","modified_gmt":"2017-04-10T11:14:52","slug":"arquitectura","status":"publish","type":"page","link":"https:\/\/www.estudi-cat.com\/de\/serveis\/arquitectura\/","title":{"rendered":"ARQ"},"content":{"rendered":"<div class=\"wpb-content-wrapper\"><p>[vc_row content_width=&#8220;container&#8220; video_autoplay=&#8220;true&#8220; video_controls=&#8220;true&#8220; video_mute=&#8220;true&#8220; css=&#8220;.vc_custom_1459427140749{margin-bottom: 0px !important;border-right-width: 15px !important;border-left-width: 15px !important;padding-top: 40px !important;padding-right: 20px !important;padding-bottom: 10px !important;padding-left: 20px !important;border-left-color: #000000 !important;border-left-style: solid !important;border-right-color: #000000 !important;border-right-style: solid !important;}&#8220;][vc_column width=&#8220;1\/1&#8243;][vc_column_text]<\/p>\n<h1>Dienstleistungen<\/h1>\n<p>[\/vc_column_text][\/vc_column][\/vc_row][vc_row content_width=&#8220;container&#8220; video_autoplay=&#8220;true&#8220; video_controls=&#8220;true&#8220; video_mute=&#8220;true&#8220; css=&#8220;.vc_custom_1459436568634{margin-bottom: 0px !important;border-right-width: 15px !important;border-left-width: 15px !important;padding-top: 30px !important;padding-right: 20px !important;padding-bottom: 70px !important;padding-left: 20px !important;border-left-color: #000000 !important;border-left-style: solid !important;border-right-color: #000000 !important;border-right-style: solid !important;}&#8220;][vc_column width=&#8220;1\/2&#8243; css=&#8220;.vc_custom_1459430436775{margin-bottom: 20px !important;}&#8220;][vc_column_text el_class=&#8220;servei-title&#8220; css=&#8220;.vc_custom_1460021341367{margin-bottom: 0px !important;}&#8220;]<\/p>\n<p>ARQ<\/p>\n<p>[\/vc_column_text][vc_column_text el_class=&#8220;txt-servei&#8220; css=&#8220;.vc_custom_1491822678977{margin-top: 0px !important;}&#8220;]Die Hauptt\u00e4tigkeit von CAT konzentriert sich auf die Behandlung und das Management von Kataster Produkte f\u00fcr die Regierung, sowohl lokale als auch regional.<\/p>\n<p>Wir bieten qualit\u00e4tsorientierten Prozessmanagement f\u00fcr den alleinigen Zweck der eine kontinuierliche Verbesserung zu erreichen und ein hohes Ma\u00df an Kundenzufriedenheit.[\/vc_column_text][\/vc_column][vc_column width=&#8220;1\/2&#8243; css=&#8220;.vc_custom_1459430443053{margin-bottom: 20px !important;}&#8220;][vc_single_image image=&#8220;57&#8243; border_color=&#8220;grey&#8220; img_link_large=&#8220;&#8220; img_link_target=&#8220;_self&#8220; img_size=&#8220;full&#8220;][vc_column_text el_class=&#8220;serveis-list&#8220;]Architekturleistungen:<\/p>\n<ul>\n<li>Projektarchitektur<\/li>\n<li>Legalisierungen<\/li>\n<li>Messungen<\/li>\n<li>Zertifikate alt<\/li>\n<li>Zertifikate der Bewohnbarkeit<\/li>\n<\/ul>\n<p>[\/vc_column_text][\/vc_column][\/vc_row]<\/p>\n<\/div>","protected":false},"excerpt":{"rendered":"<p>[vc_row content_width=&#8220;container&#8220; video_autoplay=&#8220;true&#8220; video_controls=&#8220;true&#8220; video_mute=&#8220;true&#8220; css=&#8220;.vc_custom_1459427140749{margin-bottom: 0px !important;border-right-width: 15px !important;border-left-width: 15px !important;padding-top: 40px !important;padding-right: 20px !important;padding-bottom: 10px !important;padding-left: 20px !important;border-left-color: #000000 !important;border-left-style: solid !important;border-right-color: #000000 !important;border-right-style: solid !important;}&#8220;][vc_column width=&#8220;1\/1&#8243;][vc_column_text] Dienstleistungen [\/vc_column_text][\/vc_column][\/vc_row][vc_row content_width=&#8220;container&#8220; video_autoplay=&#8220;true&#8220; video_controls=&#8220;true&#8220; video_mute=&#8220;true&#8220; css=&#8220;.vc_custom_1459436568634{margin-bottom: 0px !important;border-right-width: 15px !important;border-left-width: 15px !important;padding-top: 30px !important;padding-right: 20px !important;padding-bottom: 70px !important;padding-left: 20px !important;border-left-color: #000000 !important;border-left-style: solid !important;border-right-color: #000000 !important;border-right-style: solid !important;}&#8220;][vc_column width=&#8220;1\/2&#8243; css=&#8220;.vc_custom_1459430436775{margin-bottom: 20px !important;}&#8220;][vc_column_text el_class=&#8220;servei-title&#8220; css=&#8220;.vc_custom_1460021341367{margin-bottom: 0px !important;}&#8220;] ARQ [\/vc_column_text][vc_column_text el_class=&#8220;txt-servei&#8220; css=&#8220;.vc_custom_1491822678977{margin-top: [&hellip;]<\/p>\n","protected":false},"author":1,"featured_media":0,"parent":220,"menu_order":0,"comment_status":"closed","ping_status":"closed","template":"","meta":{"footnotes":""},"_links":{"self":[{"href":"https:\/\/www.estudi-cat.com\/de\/wp-json\/wp\/v2\/pages\/226"}],"collection":[{"href":"https:\/\/www.estudi-cat.com\/de\/wp-json\/wp\/v2\/pages"}],"about":[{"href":"https:\/\/www.estudi-cat.com\/de\/wp-json\/wp\/v2\/types\/page"}],"author":[{"embeddable":true,"href":"https:\/\/www.estudi-cat.com\/de\/wp-json\/wp\/v2\/users\/1"}],"replies":[{"embeddable":true,"href":"https:\/\/www.estudi-cat.com\/de\/wp-json\/wp\/v2\/comments?post=226"}],"version-history":[{"count":3,"href":"https:\/\/www.estudi-cat.com\/de\/wp-json\/wp\/v2\/pages\/226\/revisions"}],"predecessor-version":[{"id":352,"href":"https:\/\/www.estudi-cat.com\/de\/wp-json\/wp\/v2\/pages\/226\/revisions\/352"}],"up":[{"embeddable":true,"href":"https:\/\/www.estudi-cat.com\/de\/wp-json\/wp\/v2\/pages\/220"}],"wp:attachment":[{"href":"https:\/\/www.estudi-cat.com\/de\/wp-json\/wp\/v2\/media?parent=226"}],"curies":[{"name":"wp","href":"https:\/\/api.w.org\/{rel}","templated":true}]}}