{"id":208,"date":"2016-04-07T09:23:03","date_gmt":"2016-04-07T09:23:03","guid":{"rendered":"http:\/\/www.estudi-cat.com\/de\/clients\/"},"modified":"2017-04-10T10:40:46","modified_gmt":"2017-04-10T10:40:46","slug":"clients","status":"publish","type":"page","link":"https:\/\/www.estudi-cat.com\/de\/clients\/","title":{"rendered":"KUNDSCHAFT"},"content":{"rendered":"<div class=\"wpb-content-wrapper\"><p>[vc_row content_width=&#8220;container&#8220; video_autoplay=&#8220;true&#8220; video_controls=&#8220;true&#8220; video_mute=&#8220;true&#8220; css=&#8220;.vc_custom_1459427140749{margin-bottom: 0px !important;border-right-width: 15px !important;border-left-width: 15px !important;padding-top: 40px !important;padding-right: 20px !important;padding-bottom: 10px !important;padding-left: 20px !important;border-left-color: #000000 !important;border-left-style: solid !important;border-right-color: #000000 !important;border-right-style: solid !important;}&#8220;][vc_column width=&#8220;1\/1&#8243;][vc_column_text]<\/p>\n<h1>Kundschaft<\/h1>\n<p>[\/vc_column_text][\/vc_column][\/vc_row][vc_row content_width=&#8220;container&#8220; video_autoplay=&#8220;true&#8220; video_controls=&#8220;true&#8220; video_mute=&#8220;true&#8220; css=&#8220;.vc_custom_1459427159566{margin-bottom: 0px !important;border-right-width: 15px !important;border-left-width: 15px !important;padding-top: 0px !important;padding-right: 20px !important;padding-bottom: 40px !important;padding-left: 20px !important;border-left-color: #000000 !important;border-left-style: solid !important;border-right-color: #000000 !important;border-right-style: solid !important;}&#8220;][vc_column width=&#8220;1\/2&#8243;][vc_column_text el_class=&#8220;txt-home&#8220; css=&#8220;.vc_custom_1491819469192{margin-bottom: 20px !important;}&#8220;]<\/p>\n<p>Control i Actualitzaci\u00f3 Territorial\u00a0Arbeit f\u00fcr \u00f6ffentliche Verwaltungen und private Einrichtungen bieten pers\u00f6nliche Betreuung Service-Qualit\u00e4t zu erhalten.<\/p>\n<p>[\/vc_column_text][\/vc_column][vc_column width=&#8220;1\/2&#8243;][vc_column_text]<br \/>\n[\/vc_column_text][\/vc_column][\/vc_row][vc_row content_width=&#8220;container&#8220; video_autoplay=&#8220;true&#8220; video_controls=&#8220;true&#8220; video_mute=&#8220;true&#8220; css=&#8220;.vc_custom_1459427159566{margin-bottom: 0px !important;border-right-width: 15px !important;border-left-width: 15px !important;padding-top: 0px !important;padding-right: 20px !important;padding-bottom: 40px !important;padding-left: 20px !important;border-left-color: #000000 !important;border-left-style: solid !important;border-right-color: #000000 !important;border-right-style: solid !important;}&#8220;][vc_column width=&#8220;1\/3&#8243;][vc_column_text el_class=&#8220;txt-home&#8220; css=&#8220;.vc_custom_1491819493187{margin-bottom: 20px !important;}&#8220;]<\/p>\n<h3><strong>R\u00e4te<\/strong><\/h3>\n<p>[\/vc_column_text][\/vc_column][vc_column width=&#8220;1\/3&#8243;][vc_column_text el_class=&#8220;txt-home&#8220; css=&#8220;.vc_custom_1491819527646{margin-bottom: 20px !important;}&#8220;]Andratx Rathaus<br \/>\nArt\u00e0 Rathaus<br \/>\nSanta Eularia des Riu Rathaus[\/vc_column_text][\/vc_column][vc_column width=&#8220;1\/3&#8243;][vc_column_text el_class=&#8220;txt-home&#8220; css=&#8220;.vc_custom_1491820184757{margin-bottom: 20px !important;}&#8220;]Sencelles Rathaus<br \/>\nS\u00f3ller Rathaus[\/vc_column_text][\/vc_column][\/vc_row][vc_row content_width=&#8220;container&#8220; video_autoplay=&#8220;true&#8220; video_controls=&#8220;true&#8220; video_mute=&#8220;true&#8220; css=&#8220;.vc_custom_1459427159566{margin-bottom: 0px !important;border-right-width: 15px !important;border-left-width: 15px !important;padding-top: 0px !important;padding-right: 20px !important;padding-bottom: 40px !important;padding-left: 20px !important;border-left-color: #000000 !important;border-left-style: solid !important;border-right-color: #000000 !important;border-right-style: solid !important;}&#8220;][vc_column width=&#8220;1\/3&#8243;][vc_column_text el_class=&#8220;txt-home&#8220; css=&#8220;.vc_custom_1491820213134{margin-bottom: 20px !important;}&#8220;]<\/p>\n<h3><strong>\u00d6ffentliche Verwaltungen<\/strong><\/h3>\n<p>[\/vc_column_text][\/vc_column][vc_column width=&#8220;1\/3&#8243;][vc_column_text el_class=&#8220;txt-home&#8220; css=&#8220;.vc_custom_1491820248117{margin-bottom: 20px !important;}&#8220;]<img loading=\"lazy\" decoding=\"async\" class=\"alignnone size-medium wp-image-108\" src=\"http:\/\/www.estudi-cat.com\/wp-content\/uploads\/2016\/04\/logo_govern-300x69.png\" alt=\"logo_govern\" width=\"300\" height=\"69\" srcset=\"https:\/\/www.estudi-cat.com\/wp-content\/uploads\/2016\/04\/logo_govern-300x69.png 300w, https:\/\/www.estudi-cat.com\/wp-content\/uploads\/2016\/04\/logo_govern-768x176.png 768w, https:\/\/www.estudi-cat.com\/wp-content\/uploads\/2016\/04\/logo_govern-880x202.png 880w, https:\/\/www.estudi-cat.com\/wp-content\/uploads\/2016\/04\/logo_govern-450x103.png 450w, https:\/\/www.estudi-cat.com\/wp-content\/uploads\/2016\/04\/logo_govern.png 904w\" sizes=\"(max-width: 300px) 100vw, 300px\" \/><\/p>\n<p>Illes Balears\u00a0Regierung[\/vc_column_text][vc_column_text el_class=&#8220;txt-home&#8220; css=&#8220;.vc_custom_1491820836599{margin-bottom: 20px !important;}&#8220;]<img loading=\"lazy\" decoding=\"async\" class=\"alignnone wp-image-109 size-medium\" src=\"http:\/\/www.estudi-cat.com\/wp-content\/uploads\/2016\/04\/logo_mhap2-300x52.gif\" alt=\"\" width=\"300\" height=\"52\" \/><\/p>\n<p>Kataster Regionalmanagement (MEH)[\/vc_column_text][\/vc_column][vc_column width=&#8220;1\/3&#8243;][vc_column_text el_class=&#8220;txt-home&#8220; css=&#8220;.vc_custom_1460545060797{margin-bottom: 20px !important;}&#8220;]<img loading=\"lazy\" decoding=\"async\" class=\"alignnone wp-image-111 size-medium\" src=\"http:\/\/www.estudi-cat.com\/wp-content\/uploads\/2016\/04\/fogaiba_1-300x146.jpg\" alt=\"\" width=\"300\" height=\"146\" srcset=\"https:\/\/www.estudi-cat.com\/wp-content\/uploads\/2016\/04\/fogaiba_1-300x146.jpg 300w, https:\/\/www.estudi-cat.com\/wp-content\/uploads\/2016\/04\/fogaiba_1.jpg 324w\" sizes=\"(max-width: 300px) 100vw, 300px\" \/><\/p>\n<p>FOGAIBA[\/vc_column_text][vc_column_text el_class=&#8220;txt-home&#8220; css=&#8220;.vc_custom_1465546462644{margin-bottom: 20px !important;}&#8220;]<img loading=\"lazy\" decoding=\"async\" class=\"alignnone wp-image-160 size-full\" src=\"http:\/\/www.estudi-cat.com\/wp-content\/uploads\/2016\/04\/logo-Segipsa.gif\" alt=\"\" width=\"136\" height=\"74\" \/><\/p>\n<p>SEGIPSA[\/vc_column_text][\/vc_column][\/vc_row]<\/p>\n<\/div>","protected":false},"excerpt":{"rendered":"<p>[vc_row content_width=&#8220;container&#8220; video_autoplay=&#8220;true&#8220; video_controls=&#8220;true&#8220; video_mute=&#8220;true&#8220; css=&#8220;.vc_custom_1459427140749{margin-bottom: 0px !important;border-right-width: 15px !important;border-left-width: 15px !important;padding-top: 40px !important;padding-right: 20px !important;padding-bottom: 10px !important;padding-left: 20px !important;border-left-color: #000000 !important;border-left-style: solid !important;border-right-color: #000000 !important;border-right-style: solid !important;}&#8220;][vc_column width=&#8220;1\/1&#8243;][vc_column_text] Kundschaft [\/vc_column_text][\/vc_column][\/vc_row][vc_row content_width=&#8220;container&#8220; video_autoplay=&#8220;true&#8220; video_controls=&#8220;true&#8220; video_mute=&#8220;true&#8220; css=&#8220;.vc_custom_1459427159566{margin-bottom: 0px !important;border-right-width: 15px !important;border-left-width: 15px !important;padding-top: 0px !important;padding-right: 20px !important;padding-bottom: 40px !important;padding-left: 20px !important;border-left-color: #000000 !important;border-left-style: solid !important;border-right-color: #000000 !important;border-right-style: solid !important;}&#8220;][vc_column width=&#8220;1\/2&#8243;][vc_column_text el_class=&#8220;txt-home&#8220; css=&#8220;.vc_custom_1491819469192{margin-bottom: 20px !important;}&#8220;] Control i Actualitzaci\u00f3 Territorial\u00a0Arbeit f\u00fcr \u00f6ffentliche Verwaltungen [&hellip;]<\/p>\n","protected":false},"author":1,"featured_media":0,"parent":0,"menu_order":0,"comment_status":"closed","ping_status":"closed","template":"","meta":{"footnotes":""},"_links":{"self":[{"href":"https:\/\/www.estudi-cat.com\/de\/wp-json\/wp\/v2\/pages\/208"}],"collection":[{"href":"https:\/\/www.estudi-cat.com\/de\/wp-json\/wp\/v2\/pages"}],"about":[{"href":"https:\/\/www.estudi-cat.com\/de\/wp-json\/wp\/v2\/types\/page"}],"author":[{"embeddable":true,"href":"https:\/\/www.estudi-cat.com\/de\/wp-json\/wp\/v2\/users\/1"}],"replies":[{"embeddable":true,"href":"https:\/\/www.estudi-cat.com\/de\/wp-json\/wp\/v2\/comments?post=208"}],"version-history":[{"count":2,"href":"https:\/\/www.estudi-cat.com\/de\/wp-json\/wp\/v2\/pages\/208\/revisions"}],"predecessor-version":[{"id":346,"href":"https:\/\/www.estudi-cat.com\/de\/wp-json\/wp\/v2\/pages\/208\/revisions\/346"}],"wp:attachment":[{"href":"https:\/\/www.estudi-cat.com\/de\/wp-json\/wp\/v2\/media?parent=208"}],"curies":[{"name":"wp","href":"https:\/\/api.w.org\/{rel}","templated":true}]}}